{"id":75421,"date":"2021-12-02T16:48:42","date_gmt":"2021-12-02T14:48:42","guid":{"rendered":"https:\/\/ffcv.es\/wp\/?page_id=75421"},"modified":"2021-12-02T17:13:55","modified_gmt":"2021-12-02T15:13:55","slug":"formulario-de-actualizacion-de-instalaciones","status":"publish","type":"page","link":"https:\/\/ffcv.es\/wp\/formulario-de-actualizacion-de-instalaciones\/","title":{"rendered":"Formulario de actualizaci\u00f3n de Instalaciones"},"content":{"rendered":"<form method=\"post\" enctype=\"multipart\/form-data\" id=\"vfbp-form-88\" class=\"vfbp-form\"><div style=\"display:none;\"><label for=\"vfbp-EMAIL-AN8fuQyoDLXem\">If you are human, leave this field blank.<\/label><input size=\"25\" autocomplete=\"off\" type=\"text\" name=\"vfbp-EMAIL-AN8fuQyoDLXem\" value=\"\" id=\"\"><\/div><input type=\"hidden\" name=\"_vfb-timestamp-88\" value=\"1775308441\" id=\"\"><input type=\"hidden\" name=\"_vfb-form-id\" value=\"88\" id=\"\"><div class=\"vfb-col-12 vfb-fieldType-text\" id=\"vfbField1713\"><div class=\"vfb-form-group\"><label for=\"vfb-field-1713\" class=\"vfb-control-label\">Nombre Oficial del Club <span class=\"vfb-required-asterisk\">*<\/span><\/label><div><input id=\"vfb-field-1713\" class=\"vfb-form-control\" placeholder=\"\" required=\"required\" type=\"text\" name=\"vfb-field-1713\" value=\"\"><\/div><\/div><\/div><div class=\"vfb-clearfix\"><\/div><div class=\"vfb-col-12 vfb-fieldType-number\" id=\"vfbField1737\"><div class=\"vfb-form-group\"><label for=\"vfb-field-1737\" class=\"vfb-control-label\">N\u00famero de Club <span class=\"vfb-required-asterisk\">*<\/span><\/label><div><input id=\"vfb-field-1737\" class=\"vfb-form-control\" placeholder=\"\" required=\"required\" data-vfb-pattern=\"^([0-9]){4,4}$\" type=\"number\" name=\"vfb-field-1737\" value=\"\"><\/div><\/div><\/div><div class=\"vfb-clearfix\"><\/div><div class=\"vfb-col-12 vfb-fieldType-text\" id=\"vfbField1717\"><div class=\"vfb-form-group\"><label for=\"vfb-field-1717\" class=\"vfb-control-label\">Nombre Oficial de la Instalaci\u00f3n <span class=\"vfb-required-asterisk\">*<\/span><\/label><div><input id=\"vfb-field-1717\" class=\"vfb-form-control\" placeholder=\"\" required=\"required\" type=\"text\" name=\"vfb-field-1717\" value=\"\"><\/div><\/div><\/div><div class=\"vfb-clearfix\"><\/div><div class=\"vfb-col-12 vfb-fieldType-number\" id=\"vfbField1740\"><div class=\"vfb-form-group\"><label for=\"vfb-field-1740\" class=\"vfb-control-label\">C.P. <span class=\"vfb-required-asterisk\">*<\/span><\/label><div><input id=\"vfb-field-1740\" class=\"vfb-form-control\" placeholder=\"C&oacute;digo Postal de la Instalaci&oacute;n\" required=\"required\" data-vfb-pattern=\"^([0-9]){5,5}$\" type=\"number\" name=\"vfb-field-1740\" value=\"\"><\/div><\/div><\/div><div class=\"vfb-clearfix\"><\/div><div class=\"vfb-col-12 vfb-fieldType-text\" id=\"vfbField1738\"><div class=\"vfb-form-group\"><label for=\"vfb-field-1738\" class=\"vfb-control-label\">Poblaci\u00f3n <span class=\"vfb-required-asterisk\">*<\/span><\/label><div><input id=\"vfb-field-1738\" class=\"vfb-form-control\" placeholder=\"\" required=\"required\" type=\"text\" name=\"vfb-field-1738\" value=\"\"><\/div><\/div><\/div><div class=\"vfb-clearfix\"><\/div><div class=\"vfb-col-12 vfb-fieldType-select\" id=\"vfbField1739\"><label for=\"vfb-field-1739\" class=\"vfb-control-label\">Provincia <span class=\"vfb-required-asterisk\">*<\/span><\/label><div><div class=\"vfb-form-group\"><select id=\"vfb-field-1739\" class=\"vfb-form-control\" placeholder=\"\" required=\"required\" name=\"vfb-field-1739\"><option value=\"Valencia\">Valencia<\/option><option value=\"Castell&oacute;n\">Castell\u00f3n<\/option><option value=\"Alicante\">Alicante<\/option><\/select><\/div><\/div><\/div><div class=\"vfb-clearfix\"><\/div><div class=\"vfb-col-12 vfb-fieldType-select\" id=\"vfbField1733\"><label for=\"vfb-field-1733\" class=\"vfb-control-label\">Modalidad <span class=\"vfb-required-asterisk\">*<\/span><\/label><div><div class=\"vfb-form-group\"><select id=\"vfb-field-1733\" class=\"vfb-form-control\" placeholder=\"\" required=\"required\" name=\"vfb-field-1733\"><option value=\"F&uacute;tbol 11\">F\u00fatbol 11<\/option><option value=\"F&uacute;tbol 8\">F\u00fatbol 8<\/option><option value=\"Futsal\">Futsal<\/option><\/select><\/div><\/div><\/div><div class=\"vfb-clearfix\"><\/div><div class=\"vfb-col-12 vfb-fieldType-date\" id=\"vfbField1734\"><div class=\"vfb-form-group\"><label for=\"vfb-field-1734\" class=\"vfb-control-label\">Fecha de Construcci\u00f3n <span class=\"vfb-required-asterisk\">*<\/span><\/label><div><input id=\"vfb-field-1734\" class=\"vfb-form-control\" placeholder=\"dd\/mm\/aaaa\" required=\"required\" data-provide=\"datepicker\" data-date-format=\"dd\/mm\/yyyy\" data-date-week-start=\"1\" data-date-today-btn=\"false\" data-date-language=\"es\" data-date-calendar-weeks=\"1\" type=\"text\" name=\"vfb-field-1734\" value=\"\"><\/div><\/div><\/div><div class=\"vfb-clearfix\"><\/div><div class=\"vfb-col-12 vfb-fieldType-checkbox\" id=\"vfbField1735\"><label for=\"vfb-field-1735\" class=\"vfb-control-label\">\u00bf Hay conexi\u00f3n wifi Despacho Arbitral ? <span class=\"vfb-required-asterisk\">*<\/span><\/label><div><div class=\"vfb-checkbox\"><label><input id=\"vfb-field-1735-0\" class=\"\" placeholder=\"\" data-vfb-multiple=\"vfb-field-1735\" required=\"required\" data-vfb-mincheck=\"1\" data-vfb-maxcheck=\"1\" type=\"checkbox\" name=\"vfb-field-1735[0]\" value=\"1\">Si<\/label><\/div><div class=\"vfb-checkbox\"><label><input id=\"vfb-field-1735-1\" class=\"\" placeholder=\"\" data-vfb-multiple=\"vfb-field-1735\" type=\"checkbox\" name=\"vfb-field-1735[1]\" value=\"1\">No<\/label><\/div><\/div><\/div><div class=\"vfb-clearfix\"><\/div><div class=\"vfb-col-12 vfb-fieldType-url\" id=\"vfbField1736\"><div class=\"vfb-form-group\"><label for=\"vfb-field-1736\" class=\"vfb-control-label\">Ubicaci\u00f3n Google Maps <span class=\"vfb-required-asterisk\">*<\/span><\/label><div><input id=\"vfb-field-1736\" class=\"vfb-form-control\" placeholder=\"\" required=\"required\" type=\"url\" name=\"vfb-field-1736\" value=\"\"><\/div><\/div><\/div><div class=\"vfb-clearfix\"><\/div><div class=\"vfb-col-12 vfb-fieldType-email\" id=\"vfbField1723\"><div class=\"vfb-form-group\"><label for=\"vfb-field-1723\" class=\"vfb-control-label\">Correo electr\u00f3nico <span class=\"vfb-required-asterisk\">*<\/span><\/label><div><input id=\"vfb-field-1723\" class=\"vfb-form-control\" placeholder=\"\" required=\"required\" data-vfb-pattern=\"[\\w._%+-]+@[\\w.-]+\\.[a-zA-Z]{2,4}\" type=\"email\" name=\"vfb-field-1723\" value=\"\"><\/div><\/div><\/div><div class=\"vfb-clearfix\"><\/div><div class=\"vfb-col-12 vfb-fieldType-email\" id=\"vfbField1724\"><div class=\"vfb-form-group\"><label for=\"vfb-field-1724\" class=\"vfb-control-label\">Confirmar email <span class=\"vfb-required-asterisk\">*<\/span><\/label><div><input id=\"vfb-field-1724\" class=\"vfb-form-control\" placeholder=\"\" required=\"required\" data-vfb-pattern=\"[\\w._%+-]+@[\\w.-]+\\.[a-zA-Z]{2,4}\" data-vfb-equalto=\"#vfb-field-1723\" type=\"email\" name=\"vfb-field-1724\" value=\"\"><\/div><\/div><\/div><div class=\"vfb-clearfix\"><\/div><div class=\"vfb-form-group vfb-col-12\"><div><div class=\"\">DOCUMENTOS A ADJUNTAR:<\/div><\/div><\/div><div class=\"vfb-col-12 vfb-fieldType-heading\" id=\"vfbField1725\"><\/div><div class=\"vfb-clearfix\"><\/div><div class=\"vfb-col-12 vfb-fieldType-file-upload\" id=\"vfbField1726\"><div class=\"vfb-form-group\"><label for=\"vfb-field-1726\" class=\"vfb-control-label\">Imagen panor\u00e1mica del terreno de juego de la instalaci\u00f3n. <span class=\"vfb-required-asterisk\">*<\/span><\/label><div><span class=\"vfb-help-block\">El formato de la imagen debe ser jpg y tama\u00f1o de 1920 x 1080 Pixeles. Las im\u00e1genes que no cumplan los requisitos no podr\u00e1n ser actualizadas. Gracias\u00a1\u00a1<\/span><input id=\"vfb-field-1726\" class=\"vfb-form-control vfb-file-input\" placeholder=\"\" required=\"required\" data-browse-label=\"Examinar\" data-remove-label=\"Eliminar\" type=\"file\" name=\"vfb-field-1726\"><\/div><\/div><\/div><div class=\"vfb-clearfix\"><\/div><div class=\"vfb-col-12 vfb-fieldType-radio\" id=\"vfbField1730\"><label for=\"vfb-field-1730\" class=\"vfb-control-label\">Ley de Protecci\u00f3n de Datos <span class=\"vfb-required-asterisk\">*<\/span><\/label><div><div class=\"vfb-radio\"><label><input id=\"vfb-field-1730-0\" class=\"\" placeholder=\"\" required=\"required\" type=\"radio\" name=\"vfb-field-1730\" value=\"He le&iacute;do y acepto la pol&iacute;tica de protecci&oacute;n de datos para que se gestionen mis datos para el canal &eacute;tico.\">He le\u00eddo y acepto la pol\u00edtica de protecci\u00f3n de datos para que se gestionen mis datos para el canal \u00e9tico.<\/label><\/div><span class=\"vfb-help-block\">A tenor de la normativa vigente y aplicable en Protecci\u00f3n de Datos de Car\u00e1cter Personal, le informamos que sus datos ser\u00e1n incorporados al sistema de tratamiento titularidad de FEDERACI\u00d3N DE FUTBOL DE LA COMUNIDAD VALENCIANA con NIF G46394466 con domicilio social sito en AVINGUDA DE L\u2019OEST N 40 2, 46001 VALENCIA (en adelante, la \u201cFFCV\u201d) con la finalidad de gestionar su comunicaci\u00f3n, adoptar las medidas correctivas correspondientes y, en caso de ser necesario, informarle sobre el resultado del procedimiento.<br><br>\r\nFFCV informa que los datos ser\u00e1n conservados durante el plazo estrictamente necesario para esclarecer los hechos denunciados. En todo caso transcurridos tres (3) meses se proceder\u00e1 a la destrucci\u00f3n de los datos facilitados salvo que sean investigados en un entorno legal distinto.<br><br>\r\nAsimismo se informa que se proceder\u00e1 a tratar los datos de manera l\u00edcita, leal, transparente, adecuada, pertinente, limitada, exacta y actualizada y se compromete a adoptar todas las medidas razonables para que estos se supriman o rectifiquen sin dilaci\u00f3n cuando sean inexactos.<br><br>\r\nUsted podr\u00e1 ejercer los derechos de acceso, rectificaci\u00f3n, limitaci\u00f3n de tratamiento, supresi\u00f3n, portabilidad y oposici\u00f3n al tratamiento de sus datos de car\u00e1cter personal as\u00ed como del consentimiento prestado para el tratamiento de los mismos, dirigiendo su petici\u00f3n a la direcci\u00f3n postal indicada m\u00e1s arriba o al correo electr\u00f3nico: rgpd@ffcv.es.<br><br>\r\nTambi\u00e9n podr\u00e1 dirigirse a la Administraci\u00f3n competente para presentar la reclamaci\u00f3n que considere oportuna.<br><br>\r\nEn \u00faltimo lugar, el\/la denunciante\/da otorga el consentimiento expl\u00edcito para el tratamiento de los datos mencionados anteriormente.<\/span><\/div><\/div><div class=\"vfb-clearfix\"><\/div><div class=\"vfb-col-12 vfb-fieldType-captcha\" id=\"vfbField1731\"><div class=\"vfb-form-group\"><label for=\"vfb-field-1731\" class=\"vfb-control-label\">Captcha <span class=\"vfb-required-asterisk\">*<\/span><\/label><div><div class=\"g-recaptcha\" data-sitekey=\"6LfvFIwUAAAAAFUC5iOZz8x5wRmSB5dAT0VW6k2S\"><\/div><input type=\"hidden\" name=\"_vfb_recaptcha_enabled\" value=\"1\" id=\"\"><div class=\"vfb-has-error\" id=\"vfb-recaptcha-error\"><span class=\"vfb-help-block\">reCAPTCHA is required.<\/span><\/div><\/div><\/div><\/div><div class=\"vfb-clearfix\"><\/div><div class=\"vfb-col-12 vfb-fieldType-submit\" id=\"vfbField1732\"><button id=\"vfb-field-1732\" class=\" btn btn-primary\" placeholder=\"\" type=\"submit\" name=\"_vfb-submit\">Enviar<\/button><\/div><div class=\"vfb-clearfix\"><\/div><\/form>\n","protected":false},"excerpt":{"rendered":"","protected":false},"author":3,"featured_media":0,"parent":0,"menu_order":0,"comment_status":"closed","ping_status":"closed","template":"","meta":{"om_disable_all_campaigns":false,"footnotes":""},"class_list":["post-75421","page","type-page","status-publish","hentry"],"aioseo_notices":[],"_links":{"self":[{"href":"https:\/\/ffcv.es\/wp\/wp-json\/wp\/v2\/pages\/75421"}],"collection":[{"href":"https:\/\/ffcv.es\/wp\/wp-json\/wp\/v2\/pages"}],"about":[{"href":"https:\/\/ffcv.es\/wp\/wp-json\/wp\/v2\/types\/page"}],"author":[{"embeddable":true,"href":"https:\/\/ffcv.es\/wp\/wp-json\/wp\/v2\/users\/3"}],"replies":[{"embeddable":true,"href":"https:\/\/ffcv.es\/wp\/wp-json\/wp\/v2\/comments?post=75421"}],"version-history":[{"count":1,"href":"https:\/\/ffcv.es\/wp\/wp-json\/wp\/v2\/pages\/75421\/revisions"}],"predecessor-version":[{"id":75423,"href":"https:\/\/ffcv.es\/wp\/wp-json\/wp\/v2\/pages\/75421\/revisions\/75423"}],"wp:attachment":[{"href":"https:\/\/ffcv.es\/wp\/wp-json\/wp\/v2\/media?parent=75421"}],"curies":[{"name":"wp","href":"https:\/\/api.w.org\/{rel}","templated":true}]}}