{"id":66188,"date":"2021-09-09T13:50:34","date_gmt":"2021-09-09T11:50:34","guid":{"rendered":"https:\/\/ffcv.es\/wp\/?page_id=66188"},"modified":"2021-09-09T13:50:37","modified_gmt":"2021-09-09T11:50:37","slug":"formulario-reconocimientos-medicos","status":"publish","type":"page","link":"https:\/\/ffcv.es\/wp\/formulario-reconocimientos-medicos\/","title":{"rendered":"Formulario Reconocimientos M\u00e9dicos"},"content":{"rendered":"\n<p>La Mutualidad de Futbolistas Espa\u00f1oles pone a disposici\u00f3n de todos\/as sus usuarios\/as el formulario de reconocimientos m\u00e9dicos que deber\u00e1n facilitar a los jugadores por duplicado.<\/p>\n\n\n\n<p>Puede descargarlo en el siguiente <a href=\"http:\/\/www.ffcv.es\/docs\/mutualidad\/FORMULARIO RECONOCIMIENTOS M\u00c9DICOS.pdf\" target=\"_blank\" rel=\"noreferrer noopener\">aqu\u00ed<\/a><\/p>\n\n\n\n<p><\/p>\n","protected":false},"excerpt":{"rendered":"<p>La Mutualidad de Futbolistas Espa\u00f1oles pone a disposici\u00f3n de todos\/as sus usuarios\/as el formulario de reconocimientos m\u00e9dicos que deber\u00e1n facilitar a los jugadores por duplicado. Puede descargarlo en el siguiente aqu\u00ed<\/p>\n","protected":false},"author":3,"featured_media":0,"parent":0,"menu_order":0,"comment_status":"closed","ping_status":"closed","template":"","meta":{"om_disable_all_campaigns":false,"footnotes":""},"class_list":["post-66188","page","type-page","status-publish","hentry"],"aioseo_notices":[],"_links":{"self":[{"href":"https:\/\/ffcv.es\/wp\/wp-json\/wp\/v2\/pages\/66188"}],"collection":[{"href":"https:\/\/ffcv.es\/wp\/wp-json\/wp\/v2\/pages"}],"about":[{"href":"https:\/\/ffcv.es\/wp\/wp-json\/wp\/v2\/types\/page"}],"author":[{"embeddable":true,"href":"https:\/\/ffcv.es\/wp\/wp-json\/wp\/v2\/users\/3"}],"replies":[{"embeddable":true,"href":"https:\/\/ffcv.es\/wp\/wp-json\/wp\/v2\/comments?post=66188"}],"version-history":[{"count":1,"href":"https:\/\/ffcv.es\/wp\/wp-json\/wp\/v2\/pages\/66188\/revisions"}],"predecessor-version":[{"id":66189,"href":"https:\/\/ffcv.es\/wp\/wp-json\/wp\/v2\/pages\/66188\/revisions\/66189"}],"wp:attachment":[{"href":"https:\/\/ffcv.es\/wp\/wp-json\/wp\/v2\/media?parent=66188"}],"curies":[{"name":"wp","href":"https:\/\/api.w.org\/{rel}","templated":true}]}}