{"id":46644,"date":"2020-06-08T10:09:43","date_gmt":"2020-06-08T08:09:43","guid":{"rendered":"https:\/\/ffcv.es\/wp\/?page_id=46644"},"modified":"2025-09-29T14:00:37","modified_gmt":"2025-09-29T12:00:37","slug":"som-valenciana","status":"publish","type":"page","link":"https:\/\/ffcv.es\/wp\/som-valenciana\/","title":{"rendered":"#somValenciana &#8211; La web oficial de la Selecci\u00f3 Valenciana de f\u00fatbol, f\u00fatbol sala y f\u00fatbol playa"},"content":{"rendered":"","protected":false},"excerpt":{"rendered":"","protected":false},"author":10,"featured_media":44045,"parent":0,"menu_order":0,"comment_status":"closed","ping_status":"closed","template":"","meta":{"om_disable_all_campaigns":false,"footnotes":""},"class_list":["post-46644","page","type-page","status-publish","has-post-thumbnail","hentry"],"aioseo_notices":[],"_links":{"self":[{"href":"https:\/\/ffcv.es\/wp\/wp-json\/wp\/v2\/pages\/46644"}],"collection":[{"href":"https:\/\/ffcv.es\/wp\/wp-json\/wp\/v2\/pages"}],"about":[{"href":"https:\/\/ffcv.es\/wp\/wp-json\/wp\/v2\/types\/page"}],"author":[{"embeddable":true,"href":"https:\/\/ffcv.es\/wp\/wp-json\/wp\/v2\/users\/10"}],"replies":[{"embeddable":true,"href":"https:\/\/ffcv.es\/wp\/wp-json\/wp\/v2\/comments?post=46644"}],"version-history":[{"count":5,"href":"https:\/\/ffcv.es\/wp\/wp-json\/wp\/v2\/pages\/46644\/revisions"}],"predecessor-version":[{"id":166556,"href":"https:\/\/ffcv.es\/wp\/wp-json\/wp\/v2\/pages\/46644\/revisions\/166556"}],"wp:featuredmedia":[{"embeddable":true,"href":"https:\/\/ffcv.es\/wp\/wp-json\/wp\/v2\/media\/44045"}],"wp:attachment":[{"href":"https:\/\/ffcv.es\/wp\/wp-json\/wp\/v2\/media?parent=46644"}],"curies":[{"name":"wp","href":"https:\/\/api.w.org\/{rel}","templated":true}]}}