{"id":45587,"date":"2020-04-17T12:08:45","date_gmt":"2020-04-17T10:08:45","guid":{"rendered":"https:\/\/ffcv.es\/wp\/?page_id=45587"},"modified":"2020-04-20T08:58:12","modified_gmt":"2020-04-20T06:58:12","slug":"sugerencias-y-participacion-ciudadana-en-la-elaboracion-de-programas-y-planes-de-la-ffcv","status":"publish","type":"page","link":"https:\/\/ffcv.es\/wp\/sugerencias-y-participacion-ciudadana-en-la-elaboracion-de-programas-y-planes-de-la-ffcv\/","title":{"rendered":"Sugerencias y participaci\u00f3n ciudadana en la elaboraci\u00f3n de programas y planes de la FFCV"},"content":{"rendered":"\n<p>En la <strong>Federaci\u00f3 de Futbol de la Comunitat Valenciana<\/strong> tenemos el af\u00e1n por mejorar continuamente todo lo que realizamos.<\/p>\n\n\n\n<p>Por ese motivo abrimos este canal de comunicaci\u00f3n todos y todas. A trav\u00e9s de esta p\u00e1gina puedes sugerir cualquier idea para mejorar.<\/p>\n\n\n\n<p>As\u00ed que rellena este formulario y dinos cu\u00e1l es tu sugerencia o idea para poder mejorar la <strong>FFCV<\/strong>. Todas las ideas aqu\u00ed recogidas ser\u00e1n trasladadas al Departamento de Estrategia de la <strong>FFCV<\/strong>.<\/p>\n\n\n\n<p>Si quieres adjuntar alg\u00fan archivo y no puedes, escribe igualmente dejando tu direcci\u00f3n de mail y nos pondremos en contacto contigo.<\/p>\n\n\n\n<p><\/p>\n\n\n\n<p>\u00a1Muchas Gracias!<\/p>\n\n\n\n<form method=\"post\" enctype=\"multipart\/form-data\" id=\"vfbp-form-55\" class=\"vfbp-form\"><div style=\"display:none;\"><label for=\"vfbp-EMAIL-AN8fuQyoDLXem\">If you are human, leave this field blank.<\/label><input size=\"25\" autocomplete=\"off\" type=\"text\" name=\"vfbp-EMAIL-AN8fuQyoDLXem\" value=\"\" id=\"\"><\/div><input type=\"hidden\" name=\"_vfb-timestamp-55\" value=\"1775303922\" id=\"\"><input type=\"hidden\" name=\"_vfb-form-id\" value=\"55\" id=\"\"><div class=\"vfb-form-group vfb-col-12\"><div><div class=\"\">Formulario para ideas y sugerencias<\/div><\/div><\/div><div class=\"vfb-col-12 vfb-fieldType-heading\" id=\"vfbField1047\"><\/div><div class=\"vfb-clearfix\"><\/div><div class=\"vfb-col-12 vfb-fieldType-text\" id=\"vfbField1049\"><div class=\"vfb-form-group\"><label for=\"vfb-field-1049\" class=\"vfb-control-label\">Nombre<\/label><div><input id=\"vfb-field-1049\" class=\"vfb-form-control\" placeholder=\"\" type=\"text\" name=\"vfb-field-1049\" value=\"\"><\/div><\/div><\/div><div class=\"vfb-clearfix\"><\/div><div class=\"vfb-col-12 vfb-fieldType-text\" id=\"vfbField1050\"><div class=\"vfb-form-group\"><label for=\"vfb-field-1050\" class=\"vfb-control-label\">Apellidos<\/label><div><input id=\"vfb-field-1050\" class=\"vfb-form-control\" placeholder=\"\" type=\"text\" name=\"vfb-field-1050\" value=\"\"><\/div><\/div><\/div><div class=\"vfb-clearfix\"><\/div><div class=\"vfb-col-12 vfb-fieldType-email\" id=\"vfbField1052\"><div class=\"vfb-form-group\"><label for=\"vfb-field-1052\" class=\"vfb-control-label\">Correo electr\u00f3nico<\/label><div><input id=\"vfb-field-1052\" class=\"vfb-form-control\" placeholder=\"\" type=\"email\" name=\"vfb-field-1052\" value=\"\"><\/div><\/div><\/div><div class=\"vfb-clearfix\"><\/div><div class=\"vfb-col-12 vfb-fieldType-text\" id=\"vfbField1056\"><div class=\"vfb-form-group\"><label for=\"vfb-field-1056\" class=\"vfb-control-label\">Ind\u00edcanos cu\u00e1l es tu sugerencia o idea para poder mejorar la FFCV. Todas las ideas aqu\u00ed recogidas ser\u00e1n trasladadas al Departamento de Estrategia de la FFCV <span class=\"vfb-required-asterisk\">*<\/span><\/label><div><input id=\"vfb-field-1056\" class=\"vfb-form-control\" placeholder=\"\" required=\"required\" type=\"text\" name=\"vfb-field-1056\" value=\"\"><\/div><\/div><\/div><div class=\"vfb-clearfix\"><\/div><div class=\"vfb-col-12 vfb-fieldType-captcha\" id=\"vfbField1058\"><div class=\"vfb-form-group\"><label for=\"vfb-field-1058\" class=\"vfb-control-label\">Captcha <span class=\"vfb-required-asterisk\">*<\/span><\/label><div><div class=\"g-recaptcha\" data-sitekey=\"6LfvFIwUAAAAAFUC5iOZz8x5wRmSB5dAT0VW6k2S\"><\/div><input type=\"hidden\" name=\"_vfb_recaptcha_enabled\" value=\"1\" id=\"\"><div class=\"vfb-has-error\" id=\"vfb-recaptcha-error\"><span class=\"vfb-help-block\">reCAPTCHA is required.<\/span><\/div><\/div><\/div><\/div><div class=\"vfb-clearfix\"><\/div><div class=\"vfb-col-12 vfb-fieldType-checkbox\" id=\"vfbField1060\"><label for=\"vfb-field-1060\" class=\"vfb-control-label\">Confirmo que he le\u00eddo y acepto las presentes condiciones<\/label><div><div class=\"vfb-checkbox\"><label><input id=\"vfb-field-1060-0\" class=\"\" placeholder=\"\" data-vfb-multiple=\"vfb-field-1060\" type=\"checkbox\" name=\"vfb-field-1060[0]\" value=\"1\"><\/label><\/div><\/div><\/div><div class=\"vfb-clearfix\"><\/div><div class=\"vfb-col-12 vfb-fieldType-submit\" id=\"vfbField1057\"><button id=\"vfb-field-1057\" class=\" btn btn-primary\" placeholder=\"\" type=\"submit\" name=\"_vfb-submit\">Enviar<\/button><\/div><div class=\"vfb-clearfix\"><\/div><\/form>\n","protected":false},"excerpt":{"rendered":"<p>En la Federaci\u00f3 de Futbol de la Comunitat Valenciana tenemos el af\u00e1n por mejorar continuamente todo lo que realizamos. Por ese motivo abrimos este canal de comunicaci\u00f3n todos y todas. A trav\u00e9s de esta p\u00e1gina puedes sugerir cualquier idea para mejorar. As\u00ed que rellena este formulario y dinos cu\u00e1l es tu sugerencia o idea para<\/p>\n","protected":false},"author":15,"featured_media":44582,"parent":0,"menu_order":0,"comment_status":"closed","ping_status":"closed","template":"","meta":{"om_disable_all_campaigns":false,"footnotes":""},"class_list":["post-45587","page","type-page","status-publish","has-post-thumbnail","hentry"],"aioseo_notices":[],"_links":{"self":[{"href":"https:\/\/ffcv.es\/wp\/wp-json\/wp\/v2\/pages\/45587"}],"collection":[{"href":"https:\/\/ffcv.es\/wp\/wp-json\/wp\/v2\/pages"}],"about":[{"href":"https:\/\/ffcv.es\/wp\/wp-json\/wp\/v2\/types\/page"}],"author":[{"embeddable":true,"href":"https:\/\/ffcv.es\/wp\/wp-json\/wp\/v2\/users\/15"}],"replies":[{"embeddable":true,"href":"https:\/\/ffcv.es\/wp\/wp-json\/wp\/v2\/comments?post=45587"}],"version-history":[{"count":4,"href":"https:\/\/ffcv.es\/wp\/wp-json\/wp\/v2\/pages\/45587\/revisions"}],"predecessor-version":[{"id":45627,"href":"https:\/\/ffcv.es\/wp\/wp-json\/wp\/v2\/pages\/45587\/revisions\/45627"}],"wp:featuredmedia":[{"embeddable":true,"href":"https:\/\/ffcv.es\/wp\/wp-json\/wp\/v2\/media\/44582"}],"wp:attachment":[{"href":"https:\/\/ffcv.es\/wp\/wp-json\/wp\/v2\/media?parent=45587"}],"curies":[{"name":"wp","href":"https:\/\/api.w.org\/{rel}","templated":true}]}}