{"id":45225,"date":"2020-04-02T14:51:37","date_gmt":"2020-04-02T12:51:37","guid":{"rendered":"https:\/\/ffcv.es\/wp\/?page_id=45225"},"modified":"2020-04-06T18:49:58","modified_gmt":"2020-04-06T16:49:58","slug":"proteccion-de-datos-en-la-ffcv","status":"publish","type":"page","link":"https:\/\/ffcv.es\/wp\/proteccion-de-datos-en-la-ffcv\/","title":{"rendered":"Protecci\u00f3n de Datos en la FFCV"},"content":{"rendered":"\n<h3 class=\"wp-block-heading\">P\u00e1gina web de la FFCV<\/h3>\n\n\n\n<p>La p\u00e1gina web de la <strong>Federaci\u00f3 de Futbol de la Comunitat Valenciana<\/strong> cumple con la normativa en la<strong> Ley 34\/2002<\/strong> de 11 de julio de <strong>Servicios de la Sociedad de la Informaci\u00f3n y de Comercio Electr\u00f3nico (LSSI)<\/strong>.<\/p>\n\n\n\n<p>Aqu\u00ed puedes consultar cualquier detalle sobre los siguientes aspectos:<\/p>\n\n\n\n<ul class=\"wp-block-list\"><li><a rel=\"noreferrer noopener\" href=\"https:\/\/ffcv.es\/wp\/aviso-legal\/\" target=\"_blank\">Aviso Legal<\/a><\/li><li><a rel=\"noreferrer noopener\" href=\"https:\/\/ffcv.es\/wp\/politica-cookies\/\" target=\"_blank\">Pol\u00edtica de cookies<\/a><\/li><li><a rel=\"noreferrer noopener\" href=\"https:\/\/ffcv.es\/wp\/politica-de-privacidad\/\" target=\"_blank\">Pol\u00edtica de privacidad<\/a><\/li><li><a rel=\"noreferrer noopener\" href=\"https:\/\/ffcv.es\/wp\/politica-privacidad-redes-sociales\/\" target=\"_blank\">Pol\u00edtica de privacidad redes sociales<\/a><\/li><\/ul>\n\n\n\n<h3 class=\"wp-block-heading\">Legislaci\u00f3n de protecci\u00f3n de datos<\/h3>\n\n\n\n<p>Actualmente la legislaci\u00f3n vigente en Espa\u00f1a de protecci\u00f3n de datos es:<\/p>\n\n\n\n<ul class=\"wp-block-list\"><li>El <strong>Reglamento (UE) 2016\/679<\/strong>, del <strong>Parlamento Europeo y del Consejo,<\/strong> de 27 de abril de 2016, relativo a la protecci\u00f3n de las personas f\u00edsicas en lo que respecta al tratamiento de datos personales y a la libre circulaci\u00f3n de estos datos (\u201c<strong>RGPD<\/strong>\u201d)<\/li><li>La<strong> Ley Org\u00e1nica 3\/2018<\/strong>, de 5 de diciembre, de protecci\u00f3n de datos y garant\u00eda de los derechos digitales<\/li><\/ul>\n\n\n\n<p>La <strong>FFCV<\/strong> cumple con todas estas leyes sobre protecci\u00f3n de datos.<\/p>\n\n\n\n<h3 class=\"wp-block-heading\">Delegado de protecci\u00f3n de datos<\/h3>\n\n\n\n<p>La <strong>Federaci\u00f3 de Futbol de la Comunitat Valenciana<\/strong> ha nombrado como su <strong>Delegado de Protecci\u00f3n de Datos<\/strong> a:<\/p>\n\n\n\n<ul class=\"wp-block-list\"><li>PROFESSIONAL\u00a0 GROUP CONVERSIA SLU, con domicilio en P.I. POLINGESA Av. Mas Pins, 150, 17457 Riudellots de la Selva (Girona), con correo electr\u00f3nico de contacto\u00a0<a href=\"mailto:dpd.cliente@conversia.es\">dpd.cliente@conversia.es<\/a>\u00a0 y tel\u00e9fono 902 877 192<\/li><\/ul>\n","protected":false},"excerpt":{"rendered":"<p>P\u00e1gina web de la FFCV La p\u00e1gina web de la Federaci\u00f3 de Futbol de la Comunitat Valenciana cumple con la normativa en la Ley 34\/2002 de 11 de julio de Servicios de la Sociedad de la Informaci\u00f3n y de Comercio Electr\u00f3nico (LSSI). Aqu\u00ed puedes consultar cualquier detalle sobre los siguientes aspectos: Aviso Legal Pol\u00edtica de<\/p>\n","protected":false},"author":15,"featured_media":45227,"parent":0,"menu_order":0,"comment_status":"closed","ping_status":"closed","template":"","meta":{"om_disable_all_campaigns":false,"footnotes":""},"class_list":["post-45225","page","type-page","status-publish","has-post-thumbnail","hentry"],"aioseo_notices":[],"_links":{"self":[{"href":"https:\/\/ffcv.es\/wp\/wp-json\/wp\/v2\/pages\/45225"}],"collection":[{"href":"https:\/\/ffcv.es\/wp\/wp-json\/wp\/v2\/pages"}],"about":[{"href":"https:\/\/ffcv.es\/wp\/wp-json\/wp\/v2\/types\/page"}],"author":[{"embeddable":true,"href":"https:\/\/ffcv.es\/wp\/wp-json\/wp\/v2\/users\/15"}],"replies":[{"embeddable":true,"href":"https:\/\/ffcv.es\/wp\/wp-json\/wp\/v2\/comments?post=45225"}],"version-history":[{"count":3,"href":"https:\/\/ffcv.es\/wp\/wp-json\/wp\/v2\/pages\/45225\/revisions"}],"predecessor-version":[{"id":45353,"href":"https:\/\/ffcv.es\/wp\/wp-json\/wp\/v2\/pages\/45225\/revisions\/45353"}],"wp:featuredmedia":[{"embeddable":true,"href":"https:\/\/ffcv.es\/wp\/wp-json\/wp\/v2\/media\/45227"}],"wp:attachment":[{"href":"https:\/\/ffcv.es\/wp\/wp-json\/wp\/v2\/media?parent=45225"}],"curies":[{"name":"wp","href":"https:\/\/api.w.org\/{rel}","templated":true}]}}