{"id":29362,"date":"2019-05-13T16:44:06","date_gmt":"2019-05-13T15:44:06","guid":{"rendered":"https:\/\/ffcv.es\/wp\/?page_id=29362"},"modified":"2019-06-26T10:18:06","modified_gmt":"2019-06-26T09:18:06","slug":"curso-arbitros-20172018-2","status":"publish","type":"page","link":"https:\/\/ffcv.es\/wp\/curso-arbitros-20172018-2\/","title":{"rendered":"#Feste\u00c0rbitr\u00e6 Sala 2019\/2020"},"content":{"rendered":"\n<p>Comit\u00e9 T\u00e9cnico de \u00c1rbitros de la Federaci\u00f3n de Futbol de la Comunitat Valenciana<\/p>\n\n\n\n<p><strong>\u00bfC\u00daAL ES LA DURACI\u00d3N Y EL HORARIO DEL CURSO?<\/strong><\/p>\n\n\n\n<ul class=\"wp-block-list\"><li>El curso dar\u00e1 comienzo la primera semana de septiembre 5 de septiembre, finalizando 31 de octubre con la realizaci\u00f3n de las correspondientes &nbsp;pruebas de conocimiento.<\/li><li>El curso se realizar\u00e1 semipresencial:<ul><li>Clases presenciales martes o jueves con una duraci\u00f3n aproximada de 2 horas, dando comienzo a las 18:00.<\/li><li>Simult\u00e1neamente se deber\u00e1 participar semanalmente en foros debate, respuesta de preguntas y visionado de videos en plataforma online.<\/li><\/ul><\/li><\/ul>\n\n\n\n<p><strong>\u00bfQUI\u00c9N ORGANIZA?<\/strong><\/p>\n\n\n\n<p><strong>\u00bfQU\u00c9 REQUISITOS DEBO POSEER PARA PODER REALIZAR EL CURSO?<\/strong><\/p>\n\n\n\n<ul class=\"wp-block-list\"><li>A fecha 1\/07\/2019 tener m\u00ednimo 14 a\u00f1os (nacidos a partir del 1\/07\/2005).<\/li><li>No haber cumplido los 27 a\u00f1os de edad.<\/li><li>En caso de presentarse alguna solicitud de una persona mayor de 27 a\u00f1os se estudiar\u00e1 su incorporaci\u00f3n al curso.<\/li><li>Superar las pruebas f\u00edsicas que permiten realizar el curso \u00e1rbitros de f\u00fatbol sala<\/li><li>Disponer de correo electr\u00f3nico y tel\u00e9fono m\u00f3vil<\/li><\/ul>\n\n\n\n<p><strong>\u00bfC\u00daAL ES EL N\u00daMERO DE PLAZAS?<\/strong><\/p>\n\n\n\n<p>50 ser\u00e1 el n\u00famero m\u00e1ximo de personas que podr\u00e1n matricularse previa solicitud.<\/p>\n\n\n\n<p><strong>\u00bfQU\u00c9 PLAZO TENGO PARA PRESENTAR LA SOLICITUD?<\/strong><\/p>\n\n\n\n<p>Las solicitudes podr\u00e1n presentarse desde el 15 de abril al 31 Agosto 2019.<\/p>\n\n\n\n<p>Oficinas del Comit\u00e9 T\u00e9cnico de \u00c1rbitros (C\/ Padilla 5, 2\u00bapiso, puerta 3)<\/p>\n\n\n\n<p>Horario de Ma\u00f1anas 9:00 a 14:00<\/p>\n\n\n\n<p>Horario de Tardes 16:00 a 19:00 de lunes a jueves, &nbsp;16:00 a 18:30 los viernes<\/p>\n\n\n\n<ul class=\"wp-block-list\"><li>Pincha&nbsp;<strong><a rel=\"noreferrer noopener\" aria-label=\" (abre en una nueva pesta\u00f1a)\" href=\"https:\/\/ffcv.es\/wp\/inscriparb-2-3-2-2-2-2-2-2-2-2-2\/\" target=\"_blank\">AQU\u00cd<\/a><\/strong>&nbsp;para la inscripci\u00f3n Online.<\/li><li>Pincha&nbsp;<strong><a href=\"http:\/\/www.ffcv.es\/docs\/CTA\/Solicitud-ingresoSALA.pdf\" target=\"_blank\" rel=\"noreferrer noopener\" aria-label=\" (abre en una nueva pesta\u00f1a)\">AQU\u00cd<\/a><\/strong><a href=\"http:\/\/www.ffcv.es\/docs\/CTA\/Solicitud-ingresoSALA.pdf\" target=\"_blank\" rel=\"noreferrer noopener\" aria-label=\" (abre en una nueva pesta\u00f1a)\">&nbsp;<\/a>para descargar el formulario de inscripci\u00f3n.<\/li><li>Certificado m\u00e9dico que le acredite para realizar pruebas f\u00edsicas. (Si dispone de licencia en vigor de la FFCV de la temporada actual 2018-19 servir\u00e1 con presentar una copia de la misma).<\/li><li>Los menores de edad deber\u00e1n cumplimentar el Impreso de Autorizaci\u00f3n por la madre, padre o&nbsp;tutor legal (adjuntado fotocopia del DNI\/NIE de las personas firmantes).&nbsp;Pincha&nbsp;<a rel=\"noreferrer noopener\" href=\"http:\/\/www.ffcv.es\/docs\/CTA\/autorizacion_paterna.pdf\" target=\"_blank\"><strong>AQU\u00cd<\/strong>&nbsp;<\/a>la autorizaci\u00f3n paterna.<\/li><li>Entregar en las oficinas en el plazo establecido los impresos debidamente cumplimentados.<\/li><li>Fotocopia DNI\/NIE. <\/li><\/ul>\n\n\n\n<p>Los impresos de Solicitud de Ingreso necesarios para la inscripci\u00f3n se pueden recoger en las oficinas del Comit\u00e9 T\u00e9cnico de \u00c1rbitros en el horario indicado anteriormente (o online) o descargar en la p\u00e1gina web de la Federaci\u00f3n de F\u00fatbol de la Comunitat Valenciana&nbsp;<a href=\"http:\/\/www.ffcv.es\/\">www.ffcv.es<\/a><\/p>\n\n\n\n<p><strong>\u00bfC\u00d3MO FORMALIZO LA MATRICULA?<\/strong><\/p>\n\n\n\n<p>El plazo de formalizaci\u00f3n de la matr\u00edcula es&nbsp;<strong>antes del 31 de agosto<\/strong>.<\/p>\n\n\n\n<p>Los aspirantes admitidos deber\u00e1n abonar la cantidad de 10 euros como Derechos de Matr\u00edcula y Material para la Formaci\u00f3n en la siguiente cuenta bancaria:<\/p>\n\n\n\n<p><em>ES74-0081-1518-94-0001603968. (Entidad: BANCO SABADELL).<\/em><\/p>\n\n\n\n<p><strong>Nota<\/strong>: En Concepto habr\u00e1 que figurar los Apellidos y el Nombre (en ese orden) del interesado en la realizaci\u00f3n del curso y presentar v\u00eda mail o en las oficinas del Comit\u00e9 T\u00e9cnico de \u00c1rbitros el resguardo del recibo bancario en el plazo establecido.<\/p>\n\n\n\n<p><strong>Nota<\/strong>: Esta cantidad no ser\u00e1 devuelta en ninguna circunstancia.<\/p>\n\n\n\n<p><strong>&nbsp;<\/strong><strong>\u00bfQU\u00c9 DOCUMENTACI\u00d3N DEBO PRESENTAR PREVIO A REALIZAR PRUEBAS F\u00cdSICAS?<\/strong><\/p>\n\n\n\n<p>Entregar en las Oficinas del Comit\u00e9 T\u00e9cnico de \u00c1rbitros:<\/p>\n\n\n\n<ul class=\"wp-block-list\"><li>Certificado m\u00e9dico que le acredite para realizar pruebas f\u00edsicas. (Si dispone de licencia en vigor de la FFCV de la temporada actual 2018\/19 servir\u00e1 con presentar una copia de la misma).<\/li><li>En caso de ser menor de edad, deber\u00e1n presentar un Impreso de Autorizaci\u00f3n firmado por la madre, padre o tutor legal. Deber\u00e1 adjuntarse fotocopia del DNI\/NIE de las personas que firmen dicho documento.<\/li><li>Fotocopia del DNI.<\/li><\/ul>\n\n\n\n<p><strong>&nbsp;<\/strong><strong>\u00bfCU\u00c1NDO SE REALIZAN Y EN QUE CONSISTEN LAS PRUEBAS F\u00cdSICAS?<\/strong><\/p>\n\n\n\n<p>Las pruebas f\u00edsicas se realizar\u00e1n en la primera quincena de septiembre en fecha y lugar a determinar. Esta informaci\u00f3n se remitir\u00e1 por correo electr\u00f3nico a las personas que hayan presentado solicitud de ingreso en el curso con al menos 1 mes de antelaci\u00f3n a la realizaci\u00f3n de las mismas.<\/p>\n\n\n\n<p>Las pruebas consiste por orden de realizaci\u00f3n &nbsp;en: Velocidad 2 series de 40 metros, Prueba de Agilidad \u201cCircuito T\u201d y Carrera Continua 4000 metros.<\/p>\n\n\n\n<p>Tiempos m\u00e1ximos para superar las pruebas:<\/p>\n\n\n\n<ul class=\"wp-block-list\"><li>1\u00aa Prueba: 2 series de 40 metros, con recuperaci\u00f3n de 1 minuto entre series<ul><li>Hombres:<\/li><li>Mujeres<\/li><\/ul><\/li><li>2\u00aa Prueba: \u201cCircuito agilidad T\u201d<ul><li>Hombres: 15 segundos<\/li><li>Mujeres: 15.5 segundos<\/li><\/ul><\/li><li>3\u00aa Prueba: Carrera continua 4000 metros<ul><li>Hombres: 22 minutos<\/li><li>Mujeres: 24 minutos &nbsp;&nbsp;&nbsp;&nbsp;&nbsp;&nbsp;&nbsp;&nbsp;&nbsp;&nbsp;&nbsp;&nbsp;&nbsp;&nbsp;&nbsp;&nbsp;&nbsp;&nbsp;&nbsp;&nbsp;&nbsp;&nbsp;<\/li><li>Video \u201cCircuito T\u201d:&nbsp;<a href=\"https:\/\/www.youtube.com\/watch?v=5kjFVDR8Tn4\">https:\/\/www.youtube.com\/watch?v=5kjFVDR8Tn4<\/a><\/li><\/ul><\/li><\/ul>\n\n\n\n<p>Los resultados de las pruebas f\u00edsicas se comunicar\u00e1n v\u00eda mail.<strong>&nbsp;<\/strong><\/p>\n\n\n\n<p><strong>\u00bfC\u00daAL ES EL CONTENIDO DEL CURSO?<\/strong><\/p>\n\n\n\n<p>La formaci\u00f3n de un \u00e1rbitro de f\u00fatbol sala requiere de una formaci\u00f3n y preparaci\u00f3n continua a lo largo de su carrera, durante este curso se impartir\u00e1n las nociones b\u00e1sicas que le permitan iniciarse en su labor. &nbsp;Para ello ser\u00e1 necesario:<\/p>\n\n\n\n<ul class=\"wp-block-list\"><li>Reglas de juego FUTSAL FIFA 2014\/2015 (son las que se encuentran en vigor y disponibles en:&nbsp;<a href=\"https:\/\/resources.fifa.com\/image\/upload\/reglas-juego-del-futsal-514459.pdf?cloudid=v9de1huoehwmmntlbpnn\">https:\/\/resources.fifa.com\/image\/upload\/reglas-juego-del-futsal-514459.pdf?cloudid=v9de1huoehwmmntlbpnn<\/a>que deber\u00e1n descargar y llevarlo a las clases en formato papel o digital)<\/li><li>Manual de Redacci\u00f3n de actas (Se entregar\u00e1 en clase)<\/li><li>Normativa del cronometrador (Se entregar\u00e1 en clase)<\/li><\/ul>\n\n\n\n<p><strong>\u00bfC\u00d3MO SE EVAL\u00daA EL CURSO?<\/strong><\/p>\n\n\n\n<p>La evaluaci\u00f3n del curso ser realizar\u00e1 de forma continua durante su duraci\u00f3n:<\/p>\n\n\n\n<ul class=\"wp-block-list\"><li>Pruebas t\u00e9cnicas y participaci\u00f3n en los foros y videos a trav\u00e9s de la plataforma online<\/li><li>Al finalizar el curso se realizar\u00e1 2 pruebas siendo requisito indispensable la superaci\u00f3n de ambas para poder ser considerado APTO:<ul><li>Reglas de juego<\/li><li>Redacci\u00f3n acta de un supuesto partido<\/li><\/ul><\/li><\/ul>\n\n\n\n<p><strong>Y UNA VEZ FINALIZADO EL CURSO \u00bfQU\u00c9 DEBO HACER?<\/strong><\/p>\n\n\n\n<p>Finalizado el curso se deber\u00e1 abonar la cantidad de 50 \u20ac en la cuenta corriente del BANCO SABADELL indicada anteriormente. Una vez abonada se le entregar\u00e1 el equipamiento deportivo b\u00e1sico para poder arbitrar (excepto silbato y cron\u00f3metro)<\/p>\n\n\n\n<p>Una vez superado el curso, los \u00e1rbitros dirigir\u00e1n partidos de F\u00fatbol Sala Escolares oficiales y en los primeros ser\u00e1n tutelados por \u00c1rbitros Colaboradores del Comit\u00e9 T\u00e9cnico de \u00c1rbitros de la F.F.C.V.<\/p>\n\n\n\n<p>Ser\u00e1 imprescindible la superaci\u00f3n del Reconocimiento M\u00e9dico realizado por parte de la Mutualidad de la F.F.C.V. para poder arbitrar.<\/p>\n\n\n\n<ul class=\"wp-block-list\"><li><a rel=\"noreferrer noopener\" href=\"https:\/\/www.ffcv.es\/docs\/CTA\/GUIA%20CURSO%20ARBITROS%20FUTBOL%20SALA%202019.pdf\" target=\"_blank\">Gu\u00eda Curso \u00c1rbitros F\u00fatbol Sala.<\/a><\/li><li><a href=\"https:\/\/www.ffcv.es\/docs\/CTA\/Solicitud-ingresoSALA.pdf\" target=\"_blank\" rel=\"noreferrer noopener\" aria-label=\" (abre en una nueva pesta\u00f1a)\">Solicitud de Ingreso.<\/a><\/li><li><a rel=\"noreferrer noopener\" href=\"http:\/\/www.ffcv.es\/docs\/CTA\/autorizacion_paterna.pdf\" target=\"_blank\">Autorizaci\u00f3n Paterna<\/a><\/li><\/ul>\n\n\n\n<p><\/p>\n","protected":false},"excerpt":{"rendered":"<p>Comit\u00e9 T\u00e9cnico de \u00c1rbitros de la Federaci\u00f3n de Futbol de la Comunitat Valenciana \u00bfC\u00daAL ES LA DURACI\u00d3N Y EL HORARIO DEL CURSO? El curso dar\u00e1 comienzo la primera semana de septiembre 5 de septiembre, finalizando 31 de octubre con la realizaci\u00f3n de las correspondientes &nbsp;pruebas de conocimiento. El curso se realizar\u00e1 semipresencial: Clases presenciales martes<\/p>\n","protected":false},"author":3,"featured_media":0,"parent":0,"menu_order":0,"comment_status":"closed","ping_status":"closed","template":"","meta":{"om_disable_all_campaigns":false,"footnotes":""},"class_list":["post-29362","page","type-page","status-publish","hentry"],"aioseo_notices":[],"_links":{"self":[{"href":"https:\/\/ffcv.es\/wp\/wp-json\/wp\/v2\/pages\/29362"}],"collection":[{"href":"https:\/\/ffcv.es\/wp\/wp-json\/wp\/v2\/pages"}],"about":[{"href":"https:\/\/ffcv.es\/wp\/wp-json\/wp\/v2\/types\/page"}],"author":[{"embeddable":true,"href":"https:\/\/ffcv.es\/wp\/wp-json\/wp\/v2\/users\/3"}],"replies":[{"embeddable":true,"href":"https:\/\/ffcv.es\/wp\/wp-json\/wp\/v2\/comments?post=29362"}],"version-history":[{"count":5,"href":"https:\/\/ffcv.es\/wp\/wp-json\/wp\/v2\/pages\/29362\/revisions"}],"predecessor-version":[{"id":32341,"href":"https:\/\/ffcv.es\/wp\/wp-json\/wp\/v2\/pages\/29362\/revisions\/32341"}],"wp:attachment":[{"href":"https:\/\/ffcv.es\/wp\/wp-json\/wp\/v2\/media?parent=29362"}],"curies":[{"name":"wp","href":"https:\/\/api.w.org\/{rel}","templated":true}]}}