{"id":28823,"date":"2019-05-08T08:37:36","date_gmt":"2019-05-08T07:37:36","guid":{"rendered":"https:\/\/ffcv.es\/wp\/?page_id=28823"},"modified":"2019-05-08T15:34:40","modified_gmt":"2019-05-08T14:34:40","slug":"elecciones-comite-deportivo-ffcv-2019-castellon-club-con-menos-de-10-equipos","status":"publish","type":"page","link":"https:\/\/ffcv.es\/wp\/elecciones-comite-deportivo-ffcv-2019-castellon-club-con-menos-de-10-equipos\/","title":{"rendered":"Elecciones Comit\u00e9 Deportivo FFCV 2019 &#8211; Castell\u00f3n &#8211; club con menos de 10 equipos"},"content":{"rendered":"<form method=\"post\" enctype=\"multipart\/form-data\" id=\"vfbp-form-39\" class=\"vfbp-form\"><div style=\"display:none;\"><label for=\"vfbp-EMAIL-AN8fuQyoDLXem\">If you are human, leave this field blank.<\/label><input size=\"25\" autocomplete=\"off\" type=\"text\" name=\"vfbp-EMAIL-AN8fuQyoDLXem\" value=\"\" id=\"\"><\/div><input type=\"hidden\" name=\"_vfb-timestamp-39\" value=\"1775335325\" id=\"\"><input type=\"hidden\" name=\"_vfb-form-id\" value=\"39\" id=\"\"><div class=\"vfb-form-group vfb-col-12\"><div><div class=\"\"><strong>VOTACI\u00d3N - FORMULARIO PARA CLUBES DE CASTELL\u00d3N CON MENOS DE 10 EQUIPOS<\/strong><\/div><span class=\"vfb-help-block\">Rellene el siguiente formulario para emitir el voto de su club. Solamente se admite una \u00fanica votaci\u00f3n por club.<\/span><\/div><\/div><div class=\"vfb-col-12 vfb-fieldType-heading\" id=\"vfbField696\"><\/div><div class=\"vfb-clearfix\"><\/div><div class=\"vfb-form-group vfb-col-12\"><div><div class=\"\"><\/div><\/div><\/div><div class=\"vfb-col-12 vfb-fieldType-heading\" id=\"vfbField697\"><\/div><div class=\"vfb-clearfix\"><\/div><div class=\"vfb-form-group vfb-col-12\"><div><div class=\"\"><strong>DATOS DEL EMISOR DEL VOTO<\/strong><\/div><span class=\"vfb-help-block\">Los datos del emisor del voto se mantendr\u00e1n an\u00f3nimos de cara a la publicaci\u00f3n de los resultados y \u00fanicamente se solicitan con la finalidad de comprobar la validez de la votaci\u00f3n emitida.<\/span><\/div><\/div><div class=\"vfb-col-12 vfb-fieldType-heading\" id=\"vfbField698\"><\/div><div class=\"vfb-clearfix\"><\/div><div class=\"vfb-col-3 vfb-fieldType-text\" id=\"vfbField699\"><div class=\"vfb-form-group\"><label for=\"vfb-field-699\" class=\"vfb-control-label\">DNI <span class=\"vfb-required-asterisk\">*<\/span><\/label><div><input id=\"vfb-field-699\" class=\"vfb-form-control\" placeholder=\"\" required=\"required\" type=\"text\" name=\"vfb-field-699\" value=\"\"><\/div><\/div><\/div><div class=\"vfb-col-5 vfb-fieldType-text\" id=\"vfbField700\"><div class=\"vfb-form-group\"><label for=\"vfb-field-700\" class=\"vfb-control-label\">Nombre y Apellidos <span class=\"vfb-required-asterisk\">*<\/span><\/label><div><input id=\"vfb-field-700\" class=\"vfb-form-control\" placeholder=\"\" required=\"required\" type=\"text\" name=\"vfb-field-700\" value=\"\"><\/div><\/div><\/div><div class=\"vfb-col-4 vfb-fieldType-email\" id=\"vfbField715\"><div class=\"vfb-form-group\"><label for=\"vfb-field-715\" class=\"vfb-control-label\">Correo electr\u00f3nico <span class=\"vfb-required-asterisk\">*<\/span><\/label><div><input id=\"vfb-field-715\" class=\"vfb-form-control\" placeholder=\"\" required=\"required\" type=\"email\" name=\"vfb-field-715\" value=\"\"><\/div><\/div><\/div><div class=\"vfb-clearfix\"><\/div><div class=\"vfb-col-7 vfb-fieldType-text\" id=\"vfbField702\"><div class=\"vfb-form-group\"><label for=\"vfb-field-702\" class=\"vfb-control-label\">Nombre del club al que representa <span class=\"vfb-required-asterisk\">*<\/span><\/label><div><input id=\"vfb-field-702\" class=\"vfb-form-control\" placeholder=\"\" required=\"required\" type=\"text\" name=\"vfb-field-702\" value=\"\"><\/div><\/div><\/div><div class=\"vfb-col-5 vfb-fieldType-text\" id=\"vfbField701\"><div class=\"vfb-form-group\"><label for=\"vfb-field-701\" class=\"vfb-control-label\">Cargo <span class=\"vfb-required-asterisk\">*<\/span><\/label><div><input id=\"vfb-field-701\" class=\"vfb-form-control\" placeholder=\"\" required=\"required\" type=\"text\" name=\"vfb-field-701\" value=\"\"><\/div><\/div><\/div><div class=\"vfb-clearfix\"><\/div><div class=\"vfb-col-12 vfb-fieldType-file-upload\" id=\"vfbField703\"><div class=\"vfb-form-group\"><label for=\"vfb-field-703\" class=\"vfb-control-label\">Adjuntar copia de composici\u00f3n de la Junta Directiva y Presidente del club <span class=\"vfb-required-asterisk\">*<\/span><\/label><div><input id=\"vfb-field-703\" class=\"vfb-form-control vfb-file-input\" placeholder=\"\" required=\"required\" type=\"file\" name=\"vfb-field-703\"><\/div><\/div><\/div><div class=\"vfb-clearfix\"><\/div><div class=\"vfb-form-group vfb-col-12\"><div><div class=\"\"><\/div><\/div><\/div><div class=\"vfb-col-12 vfb-fieldType-heading\" id=\"vfbField704\"><\/div><div class=\"vfb-clearfix\"><\/div><div class=\"vfb-form-group vfb-col-12\"><div><div class=\"\"><strong>VOTACI\u00d3N<\/strong><\/div><span class=\"vfb-help-block\">Se admite el voto a m\u00e1ximo 1 Presidente\/a de un club.\r\nNo seleccione ning\u00fan candidato para votar en blanco.<\/span><\/div><\/div><div class=\"vfb-col-12 vfb-fieldType-heading\" id=\"vfbField705\"><\/div><div class=\"vfb-clearfix\"><\/div><div class=\"vfb-col-12 vfb-fieldType-checkbox\" id=\"vfbField706\"><label for=\"vfb-field-706\" class=\"vfb-control-label\">Marque la casilla del candidato\/a que desee votar:<\/label><div><div class=\"vfb-checkbox\"><label><input id=\"vfb-field-706-0\" class=\"\" placeholder=\"\" data-vfb-multiple=\"vfb-field-706\" data-vfb-maxcheck=\"1\" type=\"checkbox\" name=\"vfb-field-706[0]\" value=\"1\">Candidatura desierta - Candidatura desierta<\/label><\/div><\/div><\/div><div class=\"vfb-clearfix\"><\/div><div class=\"vfb-form-group vfb-col-12\"><div><div class=\"\"><\/div><\/div><\/div><div class=\"vfb-col-12 vfb-fieldType-heading\" id=\"vfbField707\"><\/div><div class=\"vfb-clearfix\"><\/div><div class=\"vfb-col-12 vfb-fieldType-captcha\" id=\"vfbField708\"><div class=\"vfb-form-group\"><label for=\"vfb-field-708\" class=\"vfb-control-label\">CAPTCHA <span class=\"vfb-required-asterisk\">*<\/span><\/label><div><div class=\"g-recaptcha\" data-sitekey=\"6LfvFIwUAAAAAFUC5iOZz8x5wRmSB5dAT0VW6k2S\"><\/div><input type=\"hidden\" name=\"_vfb_recaptcha_enabled\" value=\"1\" id=\"\"><div class=\"vfb-has-error\" id=\"vfb-recaptcha-error\"><span class=\"vfb-help-block\">reCAPTCHA is required.<\/span><\/div><\/div><\/div><\/div><div class=\"vfb-clearfix\"><\/div><div class=\"vfb-form-group vfb-col-12\"><div><div class=\"\"><\/div><\/div><\/div><div class=\"vfb-col-12 vfb-fieldType-heading\" id=\"vfbField709\"><\/div><div class=\"vfb-clearfix\"><\/div><div class=\"vfb-col-12 vfb-fieldType-hidden\" id=\"vfbField710\"><input id=\"vfb-field-710\" class=\"vfb-form-control\" placeholder=\"\" type=\"hidden\" name=\"vfb-field-710\" value=\"216.73.216.26\"><\/div><div class=\"vfb-clearfix\"><\/div><div class=\"vfb-col-12 vfb-fieldType-submit\" id=\"vfbField711\"><button id=\"vfb-field-711\" class=\" btn btn-primary\" placeholder=\"\" type=\"submit\" name=\"_vfb-submit\">EMITIR VOTO<\/button><\/div><div class=\"vfb-clearfix\"><\/div><\/form>\n","protected":false},"excerpt":{"rendered":"","protected":false},"author":10,"featured_media":0,"parent":0,"menu_order":0,"comment_status":"closed","ping_status":"closed","template":"","meta":{"om_disable_all_campaigns":false,"footnotes":""},"class_list":["post-28823","page","type-page","status-publish","hentry"],"aioseo_notices":[],"_links":{"self":[{"href":"https:\/\/ffcv.es\/wp\/wp-json\/wp\/v2\/pages\/28823"}],"collection":[{"href":"https:\/\/ffcv.es\/wp\/wp-json\/wp\/v2\/pages"}],"about":[{"href":"https:\/\/ffcv.es\/wp\/wp-json\/wp\/v2\/types\/page"}],"author":[{"embeddable":true,"href":"https:\/\/ffcv.es\/wp\/wp-json\/wp\/v2\/users\/10"}],"replies":[{"embeddable":true,"href":"https:\/\/ffcv.es\/wp\/wp-json\/wp\/v2\/comments?post=28823"}],"version-history":[{"count":5,"href":"https:\/\/ffcv.es\/wp\/wp-json\/wp\/v2\/pages\/28823\/revisions"}],"predecessor-version":[{"id":28903,"href":"https:\/\/ffcv.es\/wp\/wp-json\/wp\/v2\/pages\/28823\/revisions\/28903"}],"wp:attachment":[{"href":"https:\/\/ffcv.es\/wp\/wp-json\/wp\/v2\/media?parent=28823"}],"curies":[{"name":"wp","href":"https:\/\/api.w.org\/{rel}","templated":true}]}}