{"id":28622,"date":"2019-05-06T11:22:51","date_gmt":"2019-05-06T10:22:51","guid":{"rendered":"https:\/\/ffcv.es\/wp\/?page_id=28622"},"modified":"2019-05-30T16:42:37","modified_gmt":"2019-05-30T15:42:37","slug":"inscriparb-2-3","status":"publish","type":"page","link":"https:\/\/ffcv.es\/wp\/inscriparb-2-3\/","title":{"rendered":"Solicitud de ingreso curso \u00c1rbitr@s de F\u00fatbol 2019\/ 20 &#8211; Benidorm"},"content":{"rendered":"<p><img loading=\"lazy\" decoding=\"async\" class=\"alignnone wp-image-13224 lazyload\" data-src=\"https:\/\/ffcv.es\/wp\/wp-content\/uploads\/2017\/01\/cabarbti-300x63.jpg\" alt=\"cabarbti\" width=\"981\" height=\"206\" data-srcset=\"https:\/\/ffcv.es\/wp\/wp-content\/uploads\/2017\/01\/cabarbti-300x63.jpg 300w, https:\/\/ffcv.es\/wp\/wp-content\/uploads\/2017\/01\/cabarbti-768x160.jpg 768w\" data-sizes=\"(max-width: 981px) 100vw, 981px\" src=\"data:image\/gif;base64,R0lGODlhAQABAAAAACH5BAEKAAEALAAAAAABAAEAAAICTAEAOw==\" style=\"--smush-placeholder-width: 981px; --smush-placeholder-aspect-ratio: 981\/206;\" \/><noscript><img loading=\"lazy\" decoding=\"async\" class=\"alignnone wp-image-13224\" src=\"https:\/\/ffcv.es\/wp\/wp-content\/uploads\/2017\/01\/cabarbti-300x63.jpg\" alt=\"cabarbti\" width=\"981\" height=\"206\" srcset=\"https:\/\/ffcv.es\/wp\/wp-content\/uploads\/2017\/01\/cabarbti-300x63.jpg 300w, https:\/\/ffcv.es\/wp\/wp-content\/uploads\/2017\/01\/cabarbti-768x160.jpg 768w\" sizes=\"(max-width: 981px) 100vw, 981px\" \/><\/noscript><\/p>\n<form method=\"post\" enctype=\"multipart\/form-data\" id=\"vfbp-form-32\" class=\"vfbp-form\"><div style=\"display:none;\"><label for=\"vfbp-EMAIL-AN8fuQyoDLXem\">If you are human, leave this field blank.<\/label><input size=\"25\" autocomplete=\"off\" type=\"text\" name=\"vfbp-EMAIL-AN8fuQyoDLXem\" value=\"\" id=\"\"><\/div><input type=\"hidden\" name=\"_vfb-timestamp-32\" value=\"1775312865\" id=\"\"><input type=\"hidden\" name=\"_vfb-form-id\" value=\"32\" id=\"\"><div class=\"vfb-form-group vfb-col-12\"><div><div class=\"\">Formulario de inscripci\u00f3n<\/div><\/div><\/div><div class=\"vfb-col-12 vfb-fieldType-heading\" id=\"vfbField558\"><\/div><div class=\"vfb-clearfix\"><\/div><div class=\"vfb-col-12 vfb-fieldType-text\" id=\"vfbField559\"><div class=\"vfb-form-group\"><label for=\"vfb-field-559\" class=\"vfb-control-label\">Nombre <span class=\"vfb-required-asterisk\">*<\/span><\/label><div><input id=\"vfb-field-559\" class=\"vfb-form-control\" placeholder=\"\" required=\"required\" type=\"text\" name=\"vfb-field-559\" value=\"\"><span class=\"vfb-help-block\">Nombre<\/span><\/div><\/div><\/div><div class=\"vfb-clearfix\"><\/div><div class=\"vfb-col-12 vfb-fieldType-text\" id=\"vfbField560\"><div class=\"vfb-form-group\"><label for=\"vfb-field-560\" class=\"vfb-control-label\">Apellidos <span class=\"vfb-required-asterisk\">*<\/span><\/label><div><input id=\"vfb-field-560\" class=\"vfb-form-control\" placeholder=\"\" required=\"required\" type=\"text\" name=\"vfb-field-560\" value=\"\"><\/div><\/div><\/div><div class=\"vfb-clearfix\"><\/div><div class=\"vfb-col-12 vfb-fieldType-text\" id=\"vfbField561\"><div class=\"vfb-form-group\"><label for=\"vfb-field-561\" class=\"vfb-control-label\">Fecha de nacimiento <span class=\"vfb-required-asterisk\">*<\/span><\/label><div><input id=\"vfb-field-561\" class=\"vfb-form-control\" placeholder=\"\" required=\"required\" type=\"text\" name=\"vfb-field-561\" value=\"\"><span class=\"vfb-help-block\">xx\/xx\/\/xxxx<\/span><\/div><\/div><\/div><div class=\"vfb-clearfix\"><\/div><div class=\"vfb-col-12 vfb-fieldType-text\" id=\"vfbField562\"><div class=\"vfb-form-group\"><label for=\"vfb-field-562\" class=\"vfb-control-label\">Lugar<\/label><div><input id=\"vfb-field-562\" class=\"vfb-form-control\" placeholder=\"\" type=\"text\" name=\"vfb-field-562\" value=\"\"><\/div><\/div><\/div><div class=\"vfb-clearfix\"><\/div><div class=\"vfb-col-12 vfb-fieldType-text\" id=\"vfbField563\"><div class=\"vfb-form-group\"><label for=\"vfb-field-563\" class=\"vfb-control-label\">Pa\u00eds<\/label><div><input id=\"vfb-field-563\" class=\"vfb-form-control\" placeholder=\"\" type=\"text\" name=\"vfb-field-563\" value=\"\"><\/div><\/div><\/div><div class=\"vfb-clearfix\"><\/div><div class=\"vfb-col-12 vfb-fieldType-text\" id=\"vfbField564\"><div class=\"vfb-form-group\"><label for=\"vfb-field-564\" class=\"vfb-control-label\">Nacionalidad <span class=\"vfb-required-asterisk\">*<\/span><\/label><div><input id=\"vfb-field-564\" class=\"vfb-form-control\" placeholder=\"\" required=\"required\" type=\"text\" name=\"vfb-field-564\" value=\"\"><\/div><\/div><\/div><div class=\"vfb-clearfix\"><\/div><div class=\"vfb-col-12 vfb-fieldType-text\" id=\"vfbField565\"><div class=\"vfb-form-group\"><label for=\"vfb-field-565\" class=\"vfb-control-label\">NIF <span class=\"vfb-required-asterisk\">*<\/span><\/label><div><input id=\"vfb-field-565\" class=\"vfb-form-control\" placeholder=\"\" required=\"required\" type=\"text\" name=\"vfb-field-565\" value=\"\"><span class=\"vfb-help-block\">XXXXXXXX-X<\/span><\/div><\/div><\/div><div class=\"vfb-clearfix\"><\/div><div class=\"vfb-col-12 vfb-fieldType-text\" id=\"vfbField566\"><div class=\"vfb-form-group\"><label for=\"vfb-field-566\" class=\"vfb-control-label\">Profesi\u00f3n<\/label><div><input id=\"vfb-field-566\" class=\"vfb-form-control\" placeholder=\"\" type=\"text\" name=\"vfb-field-566\" value=\"\"><\/div><\/div><\/div><div class=\"vfb-clearfix\"><\/div><div class=\"vfb-col-12 vfb-fieldType-text\" id=\"vfbField567\"><div class=\"vfb-form-group\"><label for=\"vfb-field-567\" class=\"vfb-control-label\">Estudios que cursa<\/label><div><input id=\"vfb-field-567\" class=\"vfb-form-control\" placeholder=\"\" type=\"text\" name=\"vfb-field-567\" value=\"\"><\/div><\/div><\/div><div class=\"vfb-clearfix\"><\/div><div class=\"vfb-col-12 vfb-fieldType-section\" id=\"vfbField568\"><\/div><div class=\"vfb-clearfix\"><\/div><div class=\"vfb-col-12 vfb-fieldType-text\" id=\"vfbField569\"><div class=\"vfb-form-group\"><label for=\"vfb-field-569\" class=\"vfb-control-label\">Direcci\u00f3n <span class=\"vfb-required-asterisk\">*<\/span><\/label><div><input id=\"vfb-field-569\" class=\"vfb-form-control\" placeholder=\"\" required=\"required\" type=\"text\" name=\"vfb-field-569\" value=\"\"><\/div><\/div><\/div><div class=\"vfb-clearfix\"><\/div><div class=\"vfb-col-12 vfb-fieldType-text\" id=\"vfbField570\"><div class=\"vfb-form-group\"><label for=\"vfb-field-570\" class=\"vfb-control-label\">Poblaci\u00f3n <span class=\"vfb-required-asterisk\">*<\/span><\/label><div><input id=\"vfb-field-570\" class=\"vfb-form-control\" placeholder=\"\" required=\"required\" type=\"text\" name=\"vfb-field-570\" value=\"\"><\/div><\/div><\/div><div class=\"vfb-clearfix\"><\/div><div class=\"vfb-col-12 vfb-fieldType-number\" id=\"vfbField571\"><div class=\"vfb-form-group\"><label for=\"vfb-field-571\" class=\"vfb-control-label\">C\u00f3digo Postal <span class=\"vfb-required-asterisk\">*<\/span><\/label><div><input id=\"vfb-field-571\" class=\"vfb-form-control\" placeholder=\"\" required=\"required\" type=\"number\" name=\"vfb-field-571\" value=\"\"><\/div><\/div><\/div><div class=\"vfb-clearfix\"><\/div><div class=\"vfb-col-12 vfb-fieldType-phone\" id=\"vfbField572\"><div class=\"vfb-form-group\"><label for=\"vfb-field-572\" class=\"vfb-control-label\">Tel\u00e9fono de contacto <span class=\"vfb-required-asterisk\">*<\/span><\/label><div><input id=\"vfb-field-572\" class=\"vfb-form-control vfb-intl-phone\" placeholder=\"\" required=\"required\" type=\"tel\" name=\"vfb-field-572\" value=\"+34\"><\/div><\/div><\/div><div class=\"vfb-clearfix\"><\/div><div class=\"vfb-col-12 vfb-fieldType-email\" id=\"vfbField573\"><div class=\"vfb-form-group\"><label for=\"vfb-field-573\" class=\"vfb-control-label\">Correo electr\u00f3nico <span class=\"vfb-required-asterisk\">*<\/span><\/label><div><input id=\"vfb-field-573\" class=\"vfb-form-control\" placeholder=\"\" required=\"required\" type=\"email\" name=\"vfb-field-573\" value=\"\"><\/div><\/div><\/div><div class=\"vfb-clearfix\"><\/div><div class=\"vfb-col-12 vfb-fieldType-section\" id=\"vfbField574\"><\/div><div class=\"vfb-clearfix\"><\/div><div class=\"vfb-col-12 vfb-fieldType-text\" id=\"vfbField575\"><div class=\"vfb-form-group\"><label for=\"vfb-field-575\" class=\"vfb-control-label\">Equipos que recusa y categor\u00eda<\/label><div><input id=\"vfb-field-575\" class=\"vfb-form-control\" placeholder=\"\" type=\"text\" name=\"vfb-field-575\" value=\"\"><\/div><\/div><\/div><div class=\"vfb-clearfix\"><\/div><div class=\"vfb-col-12 vfb-fieldType-section\" id=\"vfbField576\"><\/div><div class=\"vfb-clearfix\"><\/div><div class=\"vfb-col-12 vfb-fieldType-file-upload\" id=\"vfbField577\"><div class=\"vfb-form-group\"><label for=\"vfb-field-577\" class=\"vfb-control-label\">Certificado m\u00e9dico que le acredite para realizar pruebas f\u00edsicas<\/label><div><input id=\"vfb-field-577\" class=\"vfb-form-control vfb-file-input\" placeholder=\"\" type=\"file\" name=\"vfb-field-577\"><\/div><\/div><\/div><div class=\"vfb-clearfix\"><\/div><div class=\"vfb-col-12 vfb-fieldType-file-upload\" id=\"vfbField578\"><div class=\"vfb-form-group\"><label for=\"vfb-field-578\" class=\"vfb-control-label\">Fotocopia de DNI o Permiso de Residencia<\/label><div><input id=\"vfb-field-578\" class=\"vfb-form-control vfb-file-input\" placeholder=\"\" type=\"file\" name=\"vfb-field-578\"><\/div><\/div><\/div><div class=\"vfb-clearfix\"><\/div><div class=\"vfb-col-12 vfb-fieldType-file-upload\" id=\"vfbField579\"><div class=\"vfb-form-group\"><label for=\"vfb-field-579\" class=\"vfb-control-label\">Autorizaci\u00f3n paterna\/materna en menores de edad<\/label><div><input id=\"vfb-field-579\" class=\"vfb-form-control vfb-file-input\" placeholder=\"\" type=\"file\" name=\"vfb-field-579\"><\/div><\/div><\/div><div class=\"vfb-clearfix\"><\/div><div class=\"vfb-col-12 vfb-fieldType-file-upload\" id=\"vfbField580\"><div class=\"vfb-form-group\"><label for=\"vfb-field-580\" class=\"vfb-control-label\">1 fotograf\u00eda tama\u00f1o carn\u00e9<\/label><div><input id=\"vfb-field-580\" class=\"vfb-form-control vfb-file-input\" placeholder=\"\" type=\"file\" name=\"vfb-field-580\"><\/div><\/div><\/div><div class=\"vfb-clearfix\"><\/div><div class=\"vfb-col-12 vfb-fieldType-checkbox\" id=\"vfbField581\"><label for=\"vfb-field-581\" class=\"vfb-control-label\">Preferencia realizaci\u00f3n curso<\/label><div><div class=\"vfb-checkbox\"><label><input id=\"vfb-field-581-0\" class=\"\" placeholder=\"\" data-vfb-multiple=\"vfb-field-581\" type=\"checkbox\" name=\"vfb-field-581[0]\" value=\"1\">17:15 - 18:45 <\/label><\/div><div class=\"vfb-checkbox\"><label><input id=\"vfb-field-581-1\" class=\"\" placeholder=\"\" data-vfb-multiple=\"vfb-field-581\" type=\"checkbox\" name=\"vfb-field-581[1]\" value=\"1\">19:00 - 20:30 <\/label><\/div><\/div><\/div><div class=\"vfb-clearfix\"><\/div><div class=\"vfb-col-12 vfb-fieldType-captcha\" id=\"vfbField582\"><div class=\"vfb-form-group\"><label for=\"vfb-field-582\" class=\"vfb-control-label\">Captcha <span class=\"vfb-required-asterisk\">*<\/span><\/label><div><div class=\"g-recaptcha\" data-sitekey=\"6LfvFIwUAAAAAFUC5iOZz8x5wRmSB5dAT0VW6k2S\"><\/div><input type=\"hidden\" name=\"_vfb_recaptcha_enabled\" value=\"1\" id=\"\"><div class=\"vfb-has-error\" id=\"vfb-recaptcha-error\"><span class=\"vfb-help-block\">reCAPTCHA is required.<\/span><\/div><\/div><\/div><\/div><div class=\"vfb-clearfix\"><\/div><div class=\"vfb-col-12 vfb-fieldType-submit\" id=\"vfbField583\"><button id=\"vfb-field-583\" class=\" btn btn-primary\" placeholder=\"\" type=\"submit\" name=\"_vfb-submit\">Enviar<\/button><\/div><div class=\"vfb-clearfix\"><\/div><\/form>\n<div style=\"font-size: 0.7em; text-align: justify; line-height: 110%;\">\n<p style=\"text-decoration: underline; font-weight: bold;\">Informacio\u0301n ba\u0301sica sobre Proteccio\u0301n de Datos<\/p>\n<p>Responsable: Federacio\u0301n de Futbol de la Comunidad Valenciana.<\/p>\n<p>Finalidad: Gestio\u0301n usuarios web y solicitudes.<\/p>\n<p>Legitimacio\u0301n: Consentimiento de los interesados e intere\u0301s legi\u0301timo en su caso.<\/p>\n<p>Destinatarios: No se comunicaran a terceros, salvo obligacio\u0301n legal.<\/p>\n<p>Derechos: Acceso, rectificacio\u0301n, limitacio\u0301n de tratamiento, supresio\u0301n, portabilidad y oposicio\u0301n.<\/p>\n<p>Info +: Disponible la informacio\u0301n adicional y detallada sobre la Proteccio\u0301n de Datos personales en <a href=\"https:\/\/ffcv.es\/wp\/politica-de-privacidad\/\">Poli\u0301tica de Privacidad.<\/a><\/p>\n<\/div>\n","protected":false},"excerpt":{"rendered":"<p>Informacio\u0301n ba\u0301sica sobre Proteccio\u0301n de Datos Responsable: Federacio\u0301n de Futbol de la Comunidad Valenciana. Finalidad: Gestio\u0301n usuarios web y solicitudes. Legitimacio\u0301n: Consentimiento de los interesados e intere\u0301s legi\u0301timo en su caso. Destinatarios: No se comunicaran a terceros, salvo obligacio\u0301n legal. Derechos: Acceso, rectificacio\u0301n, limitacio\u0301n de tratamiento, supresio\u0301n, portabilidad y oposicio\u0301n. Info +: Disponible la informacio\u0301n<\/p>\n","protected":false},"author":3,"featured_media":0,"parent":0,"menu_order":0,"comment_status":"closed","ping_status":"closed","template":"","meta":{"om_disable_all_campaigns":false,"footnotes":""},"class_list":["post-28622","page","type-page","status-publish","hentry"],"aioseo_notices":[],"_links":{"self":[{"href":"https:\/\/ffcv.es\/wp\/wp-json\/wp\/v2\/pages\/28622"}],"collection":[{"href":"https:\/\/ffcv.es\/wp\/wp-json\/wp\/v2\/pages"}],"about":[{"href":"https:\/\/ffcv.es\/wp\/wp-json\/wp\/v2\/types\/page"}],"author":[{"embeddable":true,"href":"https:\/\/ffcv.es\/wp\/wp-json\/wp\/v2\/users\/3"}],"replies":[{"embeddable":true,"href":"https:\/\/ffcv.es\/wp\/wp-json\/wp\/v2\/comments?post=28622"}],"version-history":[{"count":3,"href":"https:\/\/ffcv.es\/wp\/wp-json\/wp\/v2\/pages\/28622\/revisions"}],"predecessor-version":[{"id":30891,"href":"https:\/\/ffcv.es\/wp\/wp-json\/wp\/v2\/pages\/28622\/revisions\/30891"}],"wp:attachment":[{"href":"https:\/\/ffcv.es\/wp\/wp-json\/wp\/v2\/media?parent=28622"}],"curies":[{"name":"wp","href":"https:\/\/api.w.org\/{rel}","templated":true}]}}