{"id":28602,"date":"2019-05-06T10:13:00","date_gmt":"2019-05-06T09:13:00","guid":{"rendered":"https:\/\/ffcv.es\/wp\/?page_id=28602"},"modified":"2019-05-30T16:19:22","modified_gmt":"2019-05-30T15:19:22","slug":"curso-arbitros-ribera-1920","status":"publish","type":"page","link":"https:\/\/ffcv.es\/wp\/curso-arbitros-ribera-1920\/","title":{"rendered":"#Feste\u00c0rbitr\u00e6 la Ribera,  2019\/2020"},"content":{"rendered":"<p><strong><em><u><b><i>NUEVO CURSO PARA \u00c1RBITROS DE F\u00daTBOL DELEGACION DE LA RIBERA 2019-2020<\/i><\/b><\/u><\/em><\/strong><\/p>\n<p><strong><em><b><i>ORGANIZA<\/i><\/b><\/em><\/strong>: Comit\u00e9 T\u00e9cnico de \u00c1rbitros de la Federaci\u00f3n de F\u00fatbol de la Comunidad Valenciana.<\/p>\n<p><strong><b>DURACI\u00d3N DE LOS CURSOS: <\/b><\/strong>Est\u00e1 previsto la realizaci\u00f3n de cursos que se desarrollar\u00e1 \u00a0del \u00a0<u>9 de septiembre al 8 de noviembre de 2019<\/u>.<\/p>\n<p><strong><b>HORARIO: <\/b><\/strong>Los cursos se impartir\u00e1n durante tres jornadas a la semana (lunes, mi\u00e9rcoles \u00a0y viernes) y el horario ser\u00e1:<\/p>\n<p>DE 19 HORAS A 21 HORAS<\/p>\n<p><strong><em><b><i>LUGAR DE CELEBRACI\u00d3N:<\/i><\/b><\/em><\/strong>\u00a0Delegaci\u00f3n de la Ribera. c\/ Doctor Fleming, 14 b ALBERIC<\/p>\n<p><strong><em><b><i>REQUISITOS<\/i><\/b><\/em><\/strong><\/p>\n<p><em><i>Ser mayor de 12 a\u00f1os \u00a0(nacidos a partir del 1-7-2007). <\/i><\/em><\/p>\n<p><em><i>No haber pertenecido al Comit\u00e9 de \u00c1rbitros.<\/i><\/em><\/p>\n<p><em><i>Superaci\u00f3n de pruebas f\u00edsicas.<\/i><\/em><\/p>\n<p><strong><em><b><i>PLAZO DE PRESENTACI\u00d3N DE SOLICITUDES:<\/i><\/b><\/em><\/strong>\u00a0desde el 10 de FEBRERO hasta el 28 de agosto de 2019.<\/p>\n<p><strong><b>DOCUMENTACI\u00d3N INSCRIPCI\u00d3N:<\/b><\/strong><\/p>\n<ul>\n<li>Pincha <a href=\"https:\/\/ffcv.es\/wp\/inscriparb-2-3-2-2-2-2\/\" target=\"_blank\" rel=\"noopener noreferrer\"><strong><b>AQU\u00cd <\/b><\/strong><\/a>para descargar el formulario de inscripci\u00f3n<\/li>\n<\/ul>\n<ul>\n<li>Certificado m\u00e9dico que le acredite para realizar pruebas f\u00edsicas. (Si dispone de licencia en vigor de la FFCV de la temporada actual 2018-19 servir\u00e1 con presentar una copia de la misma).<\/li>\n<\/ul>\n<ul>\n<li>Los <strong><b>menores de edad <\/b><\/strong>deber\u00e1n cumplimentar el Impreso de Autorizaci\u00f3n por la madre, padre o tutor legal (adjuntado fotocopia del DNI\/NIE de las personas firmantes). Pincha <a href=\"http:\/\/www.ffcv.es\/docs\/CTA\/Solicitud-ingreso.pdf\" target=\"_blank\" rel=\"noopener noreferrer\"><strong><b>AQU\u00cd<\/b><\/strong><\/a>\u00a0la autorizaci\u00f3n paterna<\/li>\n<\/ul>\n<ul>\n<li>Entregar en las oficinas en el plazo establecido los impresos debidamente cumplimentados.<\/li>\n<\/ul>\n<ul>\n<li>Fotocopia DNI\/NIE.<\/li>\n<\/ul>\n<p>Tambi\u00e9n se pueden descargar en <u>www.ffcv.es<\/u>, recoger en la delegaci\u00f3n del Camp de Morvedre, o solicitar v\u00eda mail (ssanchis@cta.ffcv.es), en horario de 9:00 a 12:00 y de 16:00 a 19:00 (Viernes tarde cerrado)<\/p>\n<p><strong><em><b><i>PRUEBAS FISICAS: <\/i><\/b><\/em><\/strong>se realizaran al finalizar el curso, el que no las supere, ser\u00e1 no apto. Estas pruebas consistir\u00e1n:<\/p>\n<p><strong><u><b>\u00a0<\/b><\/u><\/strong><\/p>\n<p><strong><u><b>Para hombres de 12 a 14 a\u00f1os y mujeres:<\/b><\/u><\/strong><\/p>\n<p><strong><b>Velocidad<\/b><\/strong>: 6 series de 40 metros en menos de 8,15 segundos cada una, con 2 metros de \u201clanzadera\u201d o \u201ccarrerilla\u201d. <strong><b>Resistencia<\/b><\/strong>: 2000 metros en menos de 10\u2019 15\u201d.<\/p>\n<p><strong><u><b>Para hombres mayores de 15 a\u00f1os (15 a\u00f1os cumplidos):<\/b><\/u><\/strong><\/p>\n<p><strong><b>Velocidad<\/b><\/strong>: 6 series de 40 metros en menos de 6,5 segundos cada una, con 2 metros de \u201clanzadera\u201d o \u201ccarrerilla\u201d. <strong><b>Resistencia<\/b><\/strong>: 2000 metros en menos de 9\u2019.<\/p>\n<p><strong><em><b><i>FORMALIZACI\u00d3N MATR\u00cdCULA<\/i><\/b><\/em><\/strong><\/p>\n<p>Los aspirantes admitidos deber\u00e1n abonar la cantidad de 10 euros como Derechos de Matr\u00edcula y Material para la formalizaci\u00f3n de la matr\u00edcula en la siguiente cuenta bancaria:<strong><b>\u00a02100-6505-80-2200121050. (<\/b><\/strong>Entidad: La Caixa). <u>Nota:<\/u>\u00a0En Concepto habr\u00e1 que figurar \u201c<strong><b>Matr\u00edcula y Material Curso \u00c1rbitro<\/b><\/strong>\u201d y el <strong><b>nombre y apellidos<\/b><\/strong>\u00a0del interesado en la realizaci\u00f3n del curso y presentar el resguardo del recibo bancario en el plazo establecido, o abonarlo en la misma delegaci\u00f3n<\/p>\n<p>Nota: Esta cantidad no ser\u00e1 devuelta en ninguna circunstancia.<\/p>\n<p><strong><em><b><i>CONTENIDO DEL CURSO<\/i><\/b><\/em><\/strong><\/p>\n<p>Reglas de Juego (Publicadas por la FIFA).<\/p>\n<p>Redacci\u00f3n de Actas (F-8 \/ F-11) en sistema F\u00e9nix<\/p>\n<p>Clases pr\u00e1cticas en el terreno de juego.<\/p>\n<p><strong><em><b><i>\u00a0<\/i><\/b><\/em><\/strong><strong><em><b><i>MATERIAL<\/i><\/b><\/em><\/strong><\/p>\n<p>El primer d\u00eda de clase se dotar\u00e1 a cada alumno del material necesario para el desarrollo del curso.<\/p>\n<p><strong><em><b><i>\u00a0<\/i><\/b><\/em><\/strong><strong><em><b><i>ASISTENCIA A CLASES<\/i><\/b><\/em><\/strong><\/p>\n<p>Para poder presentarse a los ex\u00e1menes finales ser\u00e1 requisito indispensable la asistencia al 80% de las clases de las que se compone el Curso.<\/p>\n<p><strong><em><b><i>EVALUACI\u00d3N DEL CURSO<\/i><\/b><\/em><\/strong><\/p>\n<p>Tras finalizar cada bloque de las Reglas de Juego se realizar\u00e1 una prueba t\u00e9cnica para valorar los conocimientos adquiridos.<\/p>\n<p>La no superaci\u00f3n de las pruebas t\u00e9cnicas mencionadas en el p\u00e1rrafo anterior supondr\u00e1 la baja definitiva del curso.<\/p>\n<p><strong><em><b><i>\u00a0<\/i><\/b><\/em><\/strong>Al finalizar el curso se realizar\u00e1 un examen final de Reglas de Juego y de Redacci\u00f3n de Actas, siendo requisito indispensable la superaci\u00f3n de ambos para conseguir el aprobado del curso.<\/p>\n<p><strong><em><b><i>\u00a0<\/i><\/b><\/em><\/strong><strong><em><b><i>PR\u00c1CTICAS DE ARBITRAJE<\/i><\/b><\/em><\/strong><\/p>\n<p>Una vez finalizado el curso y previo pago de 50 \u20ac, se dotar\u00e1 del \u00a0equipamiento deportivo b\u00e1sico para poder arbitrar.<\/p>\n<p>Ser\u00e1 imprescindible la superaci\u00f3n del Reconocimiento M\u00e9dico realizado por parte de la Mutualidad para poder arbitrar.<\/p>\n<p>Una vez superado el curso, los \u00e1rbitros dirigir\u00e1n partidos de F\u00fatbol-8 oficiales y en los primeros ser\u00e1n tutelados por \u00c1rbitros Colaboradores del Comit\u00e9 T\u00e9cnico de \u00c1rbitros de la F.F.C.V.<\/p>\n<p><strong>Asimismo, los futbolistas con licencia en vigor, si estuvieran realizando el cursillo de aspirantes a \u00e1rbitros, podr\u00e1n dirigir encuentros de f\u00fatbol base, a excepci\u00f3n de los partidos donde participen equipos del club al que pertenecen o equipos del mismo grupo y, adem\u00e1s, deber\u00e1n ser siempre encuentros de inferior categor\u00eda a la de la licencia del jugador que arbitre.<\/strong><\/p>\n<p>Para cualquier duda sobre esta gu\u00eda deber\u00e9is poneros en contacto con el Delegado de \u00c1rbitros de F\u00fatbol en La Ribera a trav\u00e9s del email: dortega@cta.ffcv.es o al tel\u00e9fono de la Delegaci\u00f3n: 963024005 o al m\u00f3vil del Delegado, David Ortega al 670 766 547.<\/p>\n","protected":false},"excerpt":{"rendered":"<p>NUEVO CURSO PARA \u00c1RBITROS DE F\u00daTBOL DELEGACION DE LA RIBERA 2019-2020 ORGANIZA: Comit\u00e9 T\u00e9cnico de \u00c1rbitros de la Federaci\u00f3n de F\u00fatbol de la Comunidad Valenciana. DURACI\u00d3N DE LOS CURSOS: Est\u00e1 previsto la realizaci\u00f3n de cursos que se desarrollar\u00e1 \u00a0del \u00a09 de septiembre al 8 de noviembre de 2019. HORARIO: Los cursos se impartir\u00e1n durante tres<\/p>\n","protected":false},"author":3,"featured_media":0,"parent":0,"menu_order":0,"comment_status":"closed","ping_status":"closed","template":"","meta":{"om_disable_all_campaigns":false,"footnotes":""},"class_list":["post-28602","page","type-page","status-publish","hentry"],"aioseo_notices":[],"_links":{"self":[{"href":"https:\/\/ffcv.es\/wp\/wp-json\/wp\/v2\/pages\/28602"}],"collection":[{"href":"https:\/\/ffcv.es\/wp\/wp-json\/wp\/v2\/pages"}],"about":[{"href":"https:\/\/ffcv.es\/wp\/wp-json\/wp\/v2\/types\/page"}],"author":[{"embeddable":true,"href":"https:\/\/ffcv.es\/wp\/wp-json\/wp\/v2\/users\/3"}],"replies":[{"embeddable":true,"href":"https:\/\/ffcv.es\/wp\/wp-json\/wp\/v2\/comments?post=28602"}],"version-history":[{"count":5,"href":"https:\/\/ffcv.es\/wp\/wp-json\/wp\/v2\/pages\/28602\/revisions"}],"predecessor-version":[{"id":30877,"href":"https:\/\/ffcv.es\/wp\/wp-json\/wp\/v2\/pages\/28602\/revisions\/30877"}],"wp:attachment":[{"href":"https:\/\/ffcv.es\/wp\/wp-json\/wp\/v2\/media?parent=28602"}],"curies":[{"name":"wp","href":"https:\/\/api.w.org\/{rel}","templated":true}]}}