{"id":28596,"date":"2019-05-06T10:07:51","date_gmt":"2019-05-06T09:07:51","guid":{"rendered":"https:\/\/ffcv.es\/wp\/?page_id=28596"},"modified":"2019-07-29T11:29:06","modified_gmt":"2019-07-29T10:29:06","slug":"curso-arbitros-elx-1920","status":"publish","type":"page","link":"https:\/\/ffcv.es\/wp\/curso-arbitros-elx-1920\/","title":{"rendered":"#Feste\u00c0rbitr\u00e6, Elx 2019\/2020"},"content":{"rendered":"<h3><strong><b>NUEVO CURSO PARA \u00c1RBITROS DE F\u00daTBOL 2019-2020 \u2013 DELEGACI\u00d3N ELX<\/b><\/strong><\/h3>\n<p><strong><b>ORGANIZA<\/b><\/strong>: Comit\u00e9 T\u00e9cnico de \u00c1rbitros de la Federaci\u00f3n de F\u00fatbol de la Comunidad Valenciana.<\/p>\n<p><strong><b>DURACI\u00d3N DE LOS CURSOS:\u00a0<\/b><\/strong>Del 26 de Agosto al 30 de Octubre de 2019.<\/p>\n<p><strong><b>HORARIO:\u00a0<\/b><\/strong>Los cursos se impartir\u00e1n durante tres jornadas a la semana: los martes de 21,30 a 23,00 horas, los viernes de 16,30 a 18,30 horas y los s\u00e1bados de 9,00 a 11,00 horas.<\/p>\n<p><strong><b>LUGAR DE CELEBRACI\u00d3N:\u00a0<\/b><\/strong>Aula de la Delegaci\u00f3n del Comit\u00e9 T\u00e9cnico de<br \/>\n\u00c1rbitros de la Federaci\u00f3n de<strong><b>\u00a0<\/b><\/strong>F\u00fatbol de la Comunidad Valenciana sita en la calle Mario Pastor Sempere, 90 en Elx.<\/p>\n<p><strong><b>REQUISITOS<\/b><\/strong><\/p>\n<ul>\n<li>A fecha 1\/7\/2019: hombres: ser mayor de 12 a\u00f1os y menor de 19 a\u00f1os. Mujeres: ser menor de 25 a\u00f1os.<\/li>\n<li>Disponer de correo electr\u00f3nico y tel\u00e9fono m\u00f3vil.<\/li>\n<\/ul>\n<p><strong><b>N\u00daMERO DE PLAZAS: 50<\/b><\/strong>.<\/p>\n<p><strong><b>PLAZO PRESENTACI\u00d3N SOLICITUDES:\u00a0<\/b><\/strong>desde el 1 de mayo hasta el 31 de Agosto de 2019.<\/p>\n<p><strong><b>DOCUMENTACI\u00d3N INSCRIPCI\u00d3N:\u00a0<\/b><\/strong>Los impresos de Solicitud de Ingreso<strong><b>\u00a0<\/b><\/strong>necesarios para la inscripci\u00f3n se pueden recoger en el Comit\u00e9 T\u00e9cnico de \u00c1rbitros (o v\u00eda mail) en horario de 9:00 a 14 y de 16:00 a 19,00 excepto los viernes por la tarde. Tambi\u00e9n se puede descargar en\u00a0<a href=\"http:\/\/www.ffcv.es\/\"><u>www.ffcv.es.<\/u><\/a><\/p>\n<ul>\n<li>Pincha\u00a0<a href=\"https:\/\/ffcv.es\/wp\/inscriparb-2-3-2-2-2-2-2-2-2\/\" target=\"_blank\" rel=\"noopener noreferrer\"><strong>AQU\u00cd<\/strong><\/a>\u00a0para la inscripci\u00f3n Online.<\/li>\n<li>Pincha\u00a0<a href=\"http:\/\/www.ffcv.es\/docs\/CTA\/Solicitud-ingreso.pdf\"><strong>AQU\u00cd<\/strong>\u00a0<\/a>para descargar el formulario de inscripci\u00f3n.<\/li>\n<li>Certificado m\u00e9dico que le acredite para realizar pruebas f\u00edsicas. (Si dispone de licencia en vigor de la FFCV de la temporada actual 2018-2019 servir\u00e1 con presentar una copia de la misma).<\/li>\n<li>Los menores de edad deber\u00e1n cumplimentar el Impreso de Autorizaci\u00f3n por la madre, padre o\u00a0tutor legal (adjuntando fotocopia del DNI\/NIE de las personas firmantes).\u00a0Pincha\u00a0<a href=\"http:\/\/www.ffcv.es\/docs\/CTA\/autorizacion_paterna.pdf\"><strong>AQU\u00cd<\/strong>\u00a0<\/a>la autorizaci\u00f3n paterna.<\/li>\n<li>Entregar en las oficinas en el plazo establecido los impresos debidamente cumplimentados.<\/li>\n<li>Fotocopia DNI\/NIE.<\/li>\n<\/ul>\n<p>Los aspirantes deber\u00e1n abonar la cantidad de 10 euros como Derechos de Matr\u00edcula y Material para la Formaci\u00f3n en la siguiente cuenta bancaria:<\/p>\n<p><u>ES74 0081 1518 94 0001603968 (Banco Sabadell)<\/u><\/p>\n<p>Nota: En Concepto habr\u00e1 que figurar los\u00a0<strong><b>Apellidos y el nombre<\/b><\/strong>\u00a0(en ese orden) del interesado en la realizaci\u00f3n del curso y presentar v\u00eda mail el resguardo del recibo bancario en el plazo establecido.Esta cantidad no ser\u00e1 devuelta bajo ninguna circunstancia.<\/p>\n<p><strong><b>CONTENIDO DEL CURSO<\/b><\/strong><\/p>\n<ul>\n<li>Reglas de Juego (Publicadas por la FIFA).<\/li>\n<li>Redacci\u00f3n de Actas (F-8 \/ F-11) en sistema F\u00e9nix<\/li>\n<li>Clases pr\u00e1cticas en el terreno de juego.<\/li>\n<\/ul>\n<p><strong><b>MATERIAL<\/b><\/strong><\/p>\n<p>El primer d\u00eda de clase se dotar\u00e1 a cada alumno del material necesario para el desarrollo del Curso.<\/p>\n<p><strong><b>ASISTENCIA A CLASES<\/b><\/strong><\/p>\n<p>Para poder presentarse a los ex\u00e1menes finales ser\u00e1 requisito indispensable la asistencia al 75% de las clases de las que se compone el Curso.<\/p>\n<p><strong><b>EVALUACI\u00d3N DEL CURSO<\/b><\/strong><\/p>\n<p>Durante el desarrollo del curso se realizar\u00e1n diversas pruebas t\u00e9cnicas para valorar los conocimientos adquiridos.<\/p>\n<p>La no superaci\u00f3n de las pruebas t\u00e9cnicas mencionadas en el p\u00e1rrafo anterior supondr\u00e1 la baja definitiva del curso.<\/p>\n<p>Al finalizar el curso se realizar\u00e1 un examen final de Reglas de Juego, redacci\u00f3n de Actas y pruebas f\u00edsicas, siendo requisito indispensable la superaci\u00f3n de todos ellos para conseguir el aprobado del curso.<\/p>\n<p>Teniendo en cuenta la calificaci\u00f3n final de las tres pruebas y seg\u00fan las vacantes en la plantilla de \u00e1rbitros, se confeccionar\u00e1 una lista con los alumnos que pasan a la fase de pr\u00e1cticas.<\/p>\n<p><strong><b>PR\u00c1CTICAS DE ARBITRAJE<\/b><\/strong><\/p>\n<p>Previo pago de 50 \u20ac, se dotar\u00e1 del equipamiento deportivo b\u00e1sico para poder arbitrar (excepto silbato y cron\u00f3metro) a los alumnos seleccionados para estas pr\u00e1cticas.<\/p>\n<p>Ser\u00e1 imprescindible la superaci\u00f3n del Reconocimiento M\u00e9dico realizado por parte de la Mutualidad para poder arbitrar.<\/p>\n<p>Los \u00e1rbitros dirigir\u00e1n partidos de F\u00fatbol-8 oficiales y en los primeros ser\u00e1n tutelados por \u00c1rbitros Colaboradores del Comit\u00e9 T\u00e9cnico de \u00c1rbitros de la F.F.C.V.<\/p>\n<p><strong><b>COMPATIBILIDAD CON OTROS TIPO DE LICENCIAS DE LA FFCV<\/b><\/strong><\/p>\n<p>Asimismo, los futbolistas con licencia en vigor, si estuvieran realizando el cursillo de aspirantes a \u00e1rbitros, podr\u00e1n dirigir encuentros de f\u00fatbol base, a excepci\u00f3n de los partidos donde participen equipos del club al que pertenecen o equipos del mismo grupo y, adem\u00e1s, deber\u00e1n ser siempre encuentros de inferior categor\u00eda a la de la licencia del jugador que arbitre.<\/p>\n<p>Par cualquier duda, deber\u00e9is enviar un mail a lserrano@cta.ffcv.es, o bien llamar al Comit\u00e9 de \u00c1rbitros de Elche (tel\u00e9fono 966386437).<\/p>\n<div class=\"descargas clearfix\">\n<div class=\"left\"><strong>Descargar<\/strong><\/div>\n<div><\/div>\n<\/div>\n<ul>\n<li><a href=\"http:\/\/www.ffcv.es\/docs\/CTA\/Solicitud-ingreso_delegaciones 19-20.pdf\" target=\"_blank\" rel=\"noopener noreferrer\" data-wplink-url-error=\"true\">Formulario inscripci\u00f3n<\/a><\/li>\n<li><a href=\"http:\/\/www.ffcv.es\/docs\/CTA\/autorizacion_paterna.pdf\" target=\"_blank\" rel=\"noopener noreferrer\">Autorizaci\u00f3n Paterna<\/a><\/li>\n<\/ul>\n","protected":false},"excerpt":{"rendered":"<p>NUEVO CURSO PARA \u00c1RBITROS DE F\u00daTBOL 2019-2020 \u2013 DELEGACI\u00d3N ELX ORGANIZA: Comit\u00e9 T\u00e9cnico de \u00c1rbitros de la Federaci\u00f3n de F\u00fatbol de la Comunidad Valenciana. DURACI\u00d3N DE LOS CURSOS:\u00a0Del 26 de Agosto al 30 de Octubre de 2019. HORARIO:\u00a0Los cursos se impartir\u00e1n durante tres jornadas a la semana: los martes de 21,30 a 23,00 horas, los<\/p>\n","protected":false},"author":3,"featured_media":0,"parent":0,"menu_order":0,"comment_status":"closed","ping_status":"closed","template":"","meta":{"om_disable_all_campaigns":false,"footnotes":""},"class_list":["post-28596","page","type-page","status-publish","hentry"],"aioseo_notices":[],"_links":{"self":[{"href":"https:\/\/ffcv.es\/wp\/wp-json\/wp\/v2\/pages\/28596"}],"collection":[{"href":"https:\/\/ffcv.es\/wp\/wp-json\/wp\/v2\/pages"}],"about":[{"href":"https:\/\/ffcv.es\/wp\/wp-json\/wp\/v2\/types\/page"}],"author":[{"embeddable":true,"href":"https:\/\/ffcv.es\/wp\/wp-json\/wp\/v2\/users\/3"}],"replies":[{"embeddable":true,"href":"https:\/\/ffcv.es\/wp\/wp-json\/wp\/v2\/comments?post=28596"}],"version-history":[{"count":5,"href":"https:\/\/ffcv.es\/wp\/wp-json\/wp\/v2\/pages\/28596\/revisions"}],"predecessor-version":[{"id":33043,"href":"https:\/\/ffcv.es\/wp\/wp-json\/wp\/v2\/pages\/28596\/revisions\/33043"}],"wp:attachment":[{"href":"https:\/\/ffcv.es\/wp\/wp-json\/wp\/v2\/media?parent=28596"}],"curies":[{"name":"wp","href":"https:\/\/api.w.org\/{rel}","templated":true}]}}