{"id":217,"date":"2015-08-26T11:40:57","date_gmt":"2015-08-26T11:40:57","guid":{"rendered":"https:\/\/ffcv.es\/wp_test\/?page_id=217"},"modified":"2015-10-14T18:27:11","modified_gmt":"2015-10-14T18:27:11","slug":"sistema-fenix-devoluciones-y-reembolsos","status":"publish","type":"page","link":"https:\/\/ffcv.es\/wp\/sistema-fenix-devoluciones-y-reembolsos\/","title":{"rendered":"Sistema F\u00e9nix: Devoluciones y Reembolsos"},"content":{"rendered":"<p><script>\n  (function(i,s,o,g,r,a,m){i['GoogleAnalyticsObject']=r;i[r]=i[r]||function(){\n  (i[r].q=i[r].q||[]).push(arguments)},i[r].l=1*new Date();a=s.createElement(o),\n  m=s.getElementsByTagName(o)[0];a.async=1;a.src=g;m.parentNode.insertBefore(a,m)\n  })(window,document,'script','\/\/www.google-analytics.com\/analytics.js','ga');<\/p>\n<p>  ga('create', 'UA-67792185-1', 'auto');\n  ga('send', 'pageview');<\/p>\n<p><\/script><\/p>\n<p><strong>\u00bfC\u00f3mo puedo hacer la devoluci\u00f3n de mi pedido (o una parte de \u00e9l)?<\/strong><\/p>\n<p>El producto o art\u00edculo objeto de cambio o devoluci\u00f3n, deber\u00e1 encontrarse en perfectas condiciones, sin haber sido usado y, en su caso, con todas las etiquetas adjuntas, en su embalaje original y con los manuales y accesorios incluidos.<\/p>\n<p>Consulta nuestra\u00a0<a href=\"http:\/\/www.ffcv.es\/index.php\/devoluciones-blog\/2834-termino-y-condiciones-de-ffcv\">Pol\u00edtica de devoluciones <\/a>\u00a0para informarte sobre sus normas y restricciones. Ten en cuenta que los productos personalizados no se pueden devolver, excepto en caso de defectos de fabricaci\u00f3n.<\/p>\n<p><strong>\u00bfCu\u00e1ndo recibir\u00e9 el reembolso?<\/strong><\/p>\n<p>La Federaci\u00f3n de F\u00fatbol de la Comunidad Valenciana proceder\u00e1 a la devoluci\u00f3n del producto, una vez transcurridos 30 d\u00edas naturales a contar desde la fecha de finalizaci\u00f3n de cada temporada (30 de junio), y previa comprobaci\u00f3n de que los productos objeto de cambio o devoluci\u00f3n no han sido utilizados o se encuentran da\u00f1ados. La devoluci\u00f3n siempre se efectuar\u00e1 mediante el abono de su importe en la cuenta contable que el club solicitante mantiene abierta en la FFCV.<\/p>\n<p><strong>\u00bfEs posible cambiar una licencia por otra?<\/strong><\/p>\n<p>Se comprara una licencia nueva y se solicitar\u00e1 la devoluci\u00f3n de la primera.<\/p>\n<p><strong>\u00bfC\u00f3mo hago una devoluci\u00f3n de mi pedido (o una parte de \u00e9l) ?<\/strong><\/p>\n<p>Solicitandolo al Departamento de Administraci\u00f3n de la FFCV, llamando al tel\u00e9fono 963 512 462\u00a0o rellenando el formulario <a href=\"http:\/\/www.ffcv.es\/index.php\/asistencia\/formulario-de-devoluciones\" target=\"_self\">siguiente.<\/a><\/p>\n<p><strong>\u00bfC\u00f3mo puedo comprobar el abono o reembolso ha sido efectivo ?<\/strong><\/p>\n<p>Solicitando el extracto de la cuenta al Departamento de Administraci\u00f3n de la Federaci\u00f3n de F\u00fatbol de la Comunitat Valenciana.<\/p>\n<p><strong>\u00bfQu\u00e9 tengo que hacer si no encuentro una respuesta a mis dudas en esta p\u00e1gina?<\/strong><\/p>\n<p>Si esto sucede, siempre puedes solicitar ayuda a nuestro servicio de atenci\u00f3n al cliente de la tienda online usando los datos de contacto\u00a0<a href=\"http:\/\/www.ffcv.es\/index.php\/asistencia\/formulario-de-devoluciones\" target=\"_self\">siguientes <\/a>.<\/p>\n","protected":false},"excerpt":{"rendered":"<p>\u00bfC\u00f3mo puedo hacer la devoluci\u00f3n de mi pedido (o una parte de \u00e9l)? El producto o art\u00edculo objeto de cambio o devoluci\u00f3n, deber\u00e1 encontrarse en perfectas condiciones, sin haber sido usado y, en su caso, con todas las etiquetas adjuntas, en su embalaje original y con los manuales y accesorios incluidos. Consulta nuestra\u00a0Pol\u00edtica de devoluciones<\/p>\n","protected":false},"author":3,"featured_media":0,"parent":0,"menu_order":0,"comment_status":"closed","ping_status":"closed","template":"","meta":{"om_disable_all_campaigns":false,"footnotes":""},"class_list":["post-217","page","type-page","status-publish","hentry"],"aioseo_notices":[],"_links":{"self":[{"href":"https:\/\/ffcv.es\/wp\/wp-json\/wp\/v2\/pages\/217"}],"collection":[{"href":"https:\/\/ffcv.es\/wp\/wp-json\/wp\/v2\/pages"}],"about":[{"href":"https:\/\/ffcv.es\/wp\/wp-json\/wp\/v2\/types\/page"}],"author":[{"embeddable":true,"href":"https:\/\/ffcv.es\/wp\/wp-json\/wp\/v2\/users\/3"}],"replies":[{"embeddable":true,"href":"https:\/\/ffcv.es\/wp\/wp-json\/wp\/v2\/comments?post=217"}],"version-history":[{"count":2,"href":"https:\/\/ffcv.es\/wp\/wp-json\/wp\/v2\/pages\/217\/revisions"}],"predecessor-version":[{"id":881,"href":"https:\/\/ffcv.es\/wp\/wp-json\/wp\/v2\/pages\/217\/revisions\/881"}],"wp:attachment":[{"href":"https:\/\/ffcv.es\/wp\/wp-json\/wp\/v2\/media?parent=217"}],"curies":[{"name":"wp","href":"https:\/\/api.w.org\/{rel}","templated":true}]}}