{"id":197879,"date":"2026-05-14T09:07:51","date_gmt":"2026-05-14T07:07:51","guid":{"rendered":"https:\/\/ffcv.es\/wp\/?page_id=197879"},"modified":"2026-05-14T09:20:35","modified_gmt":"2026-05-14T07:20:35","slug":"proceso-electoral-ano-2026","status":"publish","type":"page","link":"https:\/\/ffcv.es\/wp\/proceso-electoral-ano-2026\/","title":{"rendered":"Proceso electoral a\u00f1o 2026"},"content":{"rendered":"\n<p>Aqu\u00ed encontrar\u00e1s<strong> todos los documentos e informaci\u00f3n relativos al proceso electoral del a\u00f1o 2022<\/strong> en la <strong>FFCV<\/strong>:<\/p>\n\n\n\n<ul class=\"wp-block-list\"><li>Instagram &#8211; <a href=\"https:\/\/www.instagram.com\/ffcv_info\/\">@ffcv_info<\/a><\/li><li>Twitter &#8211; <a href=\"https:\/\/twitter.com\/FFCV_info\">@FFCV_info<\/a><\/li><li>Facebook &#8211; <a href=\"https:\/\/www.facebook.com\/FFCV.es\/\">@FFCV.es<\/a><\/li><li>Youtube &#8211; <a href=\"https:\/\/www.youtube.com\/channel\/UCTsfz9-xYLFgU_gdKYQcy4g\">FFCV<\/a><\/li><li>Telegram (Canal entrenadores) &#8211; <a href=\"https:\/\/t.me\/entrenadorsFFCV\">Entrenadors FFCV<\/a><\/li><li>Tik Tok &#8211; <a href=\"https:\/\/vm.tiktok.com\/p2kSjV\/\">@ffcv_info<\/a><\/li><\/ul>\n","protected":false},"excerpt":{"rendered":"<p>Aqu\u00ed encontrar\u00e1s todos los documentos e informaci\u00f3n relativos al proceso electoral del a\u00f1o 2022 en la FFCV: Instagram &#8211; @ffcv_info Twitter &#8211; @FFCV_info Facebook &#8211; @FFCV.es Youtube &#8211; FFCV Telegram (Canal entrenadores) &#8211; Entrenadors FFCV Tik Tok &#8211; @ffcv_info<\/p>\n","protected":false},"author":3,"featured_media":62119,"parent":0,"menu_order":0,"comment_status":"closed","ping_status":"closed","template":"","meta":{"om_disable_all_campaigns":false,"footnotes":""},"class_list":["post-197879","page","type-page","status-publish","has-post-thumbnail","hentry"],"aioseo_notices":[],"_links":{"self":[{"href":"https:\/\/ffcv.es\/wp\/wp-json\/wp\/v2\/pages\/197879"}],"collection":[{"href":"https:\/\/ffcv.es\/wp\/wp-json\/wp\/v2\/pages"}],"about":[{"href":"https:\/\/ffcv.es\/wp\/wp-json\/wp\/v2\/types\/page"}],"author":[{"embeddable":true,"href":"https:\/\/ffcv.es\/wp\/wp-json\/wp\/v2\/users\/3"}],"replies":[{"embeddable":true,"href":"https:\/\/ffcv.es\/wp\/wp-json\/wp\/v2\/comments?post=197879"}],"version-history":[{"count":5,"href":"https:\/\/ffcv.es\/wp\/wp-json\/wp\/v2\/pages\/197879\/revisions"}],"predecessor-version":[{"id":197899,"href":"https:\/\/ffcv.es\/wp\/wp-json\/wp\/v2\/pages\/197879\/revisions\/197899"}],"wp:featuredmedia":[{"embeddable":true,"href":"https:\/\/ffcv.es\/wp\/wp-json\/wp\/v2\/media\/62119"}],"wp:attachment":[{"href":"https:\/\/ffcv.es\/wp\/wp-json\/wp\/v2\/media?parent=197879"}],"curies":[{"name":"wp","href":"https:\/\/api.w.org\/{rel}","templated":true}]}}