{"id":149678,"date":"2024-11-14T10:52:11","date_gmt":"2024-11-14T08:52:11","guid":{"rendered":"https:\/\/ffcv.es\/wp\/?page_id=149678"},"modified":"2025-08-08T11:48:59","modified_gmt":"2025-08-08T09:48:59","slug":"ayudaparaelfutbolenvalencia","status":"publish","type":"page","link":"https:\/\/ffcv.es\/wp\/ayudaparaelfutbolenvalencia\/","title":{"rendered":"Ayuda a los Clubes Afectados por la DANA"},"content":{"rendered":"<p><script><br \/>\n  (function(i,s,o,g,r,a,m){i['GoogleAnalyticsObject']=r;i[r]=i[r]||function(){<br \/>\n  (i[r].q=i[r].q||[]).push(arguments)},i[r].l=1*new Date();a=s.createElement(o),<br \/>\n  m=s.getElementsByTagName(o)[0];a.async=1;a.src=g;m.parentNode.insertBefore(a,m)<br \/>\n  })(window,document,'script','\/\/www.google-analytics.com\/analytics.js','ga');<\/p>\n<p>  ga('create', 'UA-67792185-1', 'auto');<br \/>\n  ga('send', 'pageview');<\/p>\n<p><\/script><\/p>\n<p><b>\u00bfQu\u00e9 tengo que hacer para poder trabajar online con la Federaci\u00f3n?<\/b><\/p>\n<ol start=\"1\">\n<li>Estar afiliado. Para cualquier tr\u00e1mite con la Federaci\u00f3n, (directivo, jugador, t\u00e9cnico, \u00e1rbitro, etc.) es imprescindible que la persona f\u00edsica este afiliado. Para ello tiene que <a href=\"https:\/\/fenix.rfef.es\/ActualizadorAfiliados\/LoginPublico.html\" target=\"_blank\" rel=\"noopener noreferrer\"><b>registrarse en F\u00e9nix<\/b>.<\/a><\/li>\n<li>Debe presentar los documentos de <b><a href=\"http:\/\/www.ffcv.es\/images\/stories\/Documentos\/LOPD_Fenix_clubes.pdf\" target=\"_top\" rel=\"noopener noreferrer\">Declaraci\u00f3n sobre la Ley de Protecci\u00f3n de Datos<\/a><\/b>, que deber\u00e1 estar sellado y firmado por el Presidente del Club, en el caso de Presidente nuevo.<\/li>\n<li>Todo Directivo o personal relacionado con el Club que tenga que trabajar con Fenix deber\u00e1 presentar el <b><a href=\"http:\/\/www.ffcv.es\/images\/stories\/Documentos\/Declaracin_de_Confidencialidad.pdf\" target=\"_blank\" rel=\"noopener noreferrer\">Documento de Confidencialidad<\/a><\/b>sellada, firmada por el presidente y por la persona interesada.<\/li>\n<li>Una vez recibido la documentaci\u00f3n, se proceder\u00e1 a dar de alta el usuario\/s con el perfil de Club para poder tramitar licencias, horarios, sanciones, etc.<\/li>\n<\/ol>\n<p><b>\u00bfSoy jugador\/a, t\u00e9cnico\/a, \u00e1rbitro\/a y quiero fichar por un equipo o tener licencia de \u00e1rbitro?<\/b><\/p>\n<p>Es imprescindible<b> <a href=\"https:\/\/fenix.rfef.es\/ActualizadorAfiliados\/LoginPublico.html\" target=\"_blank\" rel=\"noopener noreferrer\">afiliarse<\/a><\/b> siempre y cuando no se haya registrado nunca en afiliaci\u00f3n. Es necesario este requisito para que un club pueda diligenciar una licencia federativa.<\/p>\n<p><b>\u00bfTengo que afiliarme todas las temporadas?<\/b><\/p>\n<p>No, la afiliaci\u00f3n se realiza una sola vez. Los datos personales quedan registrados en los archivos de la RFEF. Esto facilita la labor a los clubes en el momento de presentar las licencias online.<\/p>\n<p><b>\u00bfDonde puedo cambiar la contrase\u00f1a o el email?<\/b><\/p>\n<p>Debe de entrar en el apartado de <a href=\"https:\/\/fenix.rfef.es\/ActualizadorAfiliados\/LoginPublico.html\" target=\"_blank\" rel=\"noopener noreferrer\">afiliaci\u00f3n<\/a> y buscar la opci\u00f3n deseada.<\/p>\n<p>&nbsp;<\/p>\n<p><b>\u00bfQu\u00e9 tengo que hacer en caso de tener problemas en la afiliaci\u00f3n?<\/b><\/p>\n<p>Si esto sucede, siempre puedes solicitar ayuda a nuestro servicio de atenci\u00f3n F\u00e9nix usando los datos de contacto <strong><span id=\"cloak36423\"><a href=\"mailto:ayuda.fenix@rfef.es\">siguientes.<\/a><\/span><\/strong><\/p>\n<p>&nbsp;<\/p>\n<p>&nbsp;<\/p>\n<ul>\n<li><a href=\"http:\/\/www.ffcv.es\/images\/stories\/Documentos\/LOPD_Fenix_clubes.pdf\" target=\"_blank\" rel=\"noopener noreferrer\">Declaraci\u00f3n sobre la Ley de Protecci\u00f3n de Datos (Club)<\/a><\/li>\n<li><a href=\"http:\/\/www.ffcv.es\/images\/stories\/Documentos\/Declaracin_de_Confidencialidad.pdf\" target=\"_blank\" rel=\"noopener noreferrer\">Documento de Confidencialidad (personas autorizadas)<\/a><\/li>\n<\/ul>\n<p>&nbsp;<\/p>\n<p>Los Impresos de la FFCV est\u00e1n formato .pdf y su visualizaci\u00f3n requiere de&nbsp;<a href=\"http:\/\/www.adobe.es\/\" target=\"_blank\" rel=\"noopener noreferrer\">Acrobat Reader<\/a>.<\/p>\n<div class=\"parbase section header\"><\/div>\n<div class=\"text parbase section\"><\/div>\n","protected":false},"excerpt":{"rendered":"<p>\u00bfQu\u00e9 tengo que hacer para poder trabajar online con la Federaci\u00f3n? Estar afiliado. Para cualquier tr\u00e1mite con la Federaci\u00f3n, (directivo, jugador, t\u00e9cnico, \u00e1rbitro, etc.) es imprescindible que la persona f\u00edsica este afiliado. Para ello tiene que registrarse en F\u00e9nix. Debe presentar los documentos de Declaraci\u00f3n sobre la Ley de Protecci\u00f3n de Datos, que deber\u00e1 estar<\/p>\n","protected":false},"author":10,"featured_media":0,"parent":0,"menu_order":0,"comment_status":"closed","ping_status":"closed","template":"","meta":{"om_disable_all_campaigns":false,"footnotes":""},"class_list":["post-149678","page","type-page","status-publish","hentry"],"aioseo_notices":[],"_links":{"self":[{"href":"https:\/\/ffcv.es\/wp\/wp-json\/wp\/v2\/pages\/149678"}],"collection":[{"href":"https:\/\/ffcv.es\/wp\/wp-json\/wp\/v2\/pages"}],"about":[{"href":"https:\/\/ffcv.es\/wp\/wp-json\/wp\/v2\/types\/page"}],"author":[{"embeddable":true,"href":"https:\/\/ffcv.es\/wp\/wp-json\/wp\/v2\/users\/10"}],"replies":[{"embeddable":true,"href":"https:\/\/ffcv.es\/wp\/wp-json\/wp\/v2\/comments?post=149678"}],"version-history":[{"count":5,"href":"https:\/\/ffcv.es\/wp\/wp-json\/wp\/v2\/pages\/149678\/revisions"}],"predecessor-version":[{"id":164198,"href":"https:\/\/ffcv.es\/wp\/wp-json\/wp\/v2\/pages\/149678\/revisions\/164198"}],"wp:attachment":[{"href":"https:\/\/ffcv.es\/wp\/wp-json\/wp\/v2\/media?parent=149678"}],"curies":[{"name":"wp","href":"https:\/\/api.w.org\/{rel}","templated":true}]}}