{"id":148107,"date":"2024-10-28T13:44:25","date_gmt":"2024-10-28T11:44:25","guid":{"rendered":"https:\/\/ffcv.es\/wp\/?page_id=148107"},"modified":"2024-10-28T16:35:39","modified_gmt":"2024-10-28T14:35:39","slug":"ayudas-para-entrenadoraes","status":"publish","type":"page","link":"https:\/\/ffcv.es\/wp\/ayudas-para-entrenadoraes\/","title":{"rendered":"Ayudas Para Entrenador\u00e6s"},"content":{"rendered":"\n<p>La Federaci\u00f3 de Futbol de la Comunitat Valenciana, mediante acuerdo de su Asamblea General, aprob\u00f3 la Convocatoria de Ayudas a&nbsp;Entrenador\u00e6s&nbsp;del&nbsp;Comit\u00e9 T\u00e9cnico de Entrenadores&nbsp;y la&nbsp;Escuela de Entrenadores.<\/p>\n\n\n\n<p>El prop\u00f3sito de esta convocatoria de ayudas es colaborar con los alumnos y alumnas en los gastos derivados de inscripci\u00f3n y\/o realizaci\u00f3n de los diferentes cursos formativos ofertados por la&nbsp;FFCV&nbsp;y de profesionalizaci\u00f3n de la&nbsp;RFEF.<\/p>\n\n\n\n<p>El plazo de presentaci\u00f3n de solicitudes para el&nbsp;<strong>a\u00f1o 2024<\/strong>&nbsp;ser\u00e1 el comprendido entre los d\u00edas&nbsp;<strong>04 de noviembre de 2024<\/strong>&nbsp;a las 00:00 horas, hasta el&nbsp;<strong>05 de diciembre de 2024<\/strong>&nbsp;a las 23:59 horas.<\/p>\n\n\n\n<p>Bases y documentaci\u00f3n<\/p>\n\n\n\n<div class=\"wp-block-file\"><a id=\"wp-block-file--media-ff55557a-1cd9-48af-b042-37ad301c0a2e\" href=\"https:\/\/ffcv.es\/wp\/wp-content\/uploads\/2024\/10\/Ayudas-Profesionalizacion-2024-2.pdf\">* Ayudas Profesionalizaci\u00f3n 2024<\/a><a href=\"https:\/\/ffcv.es\/wp\/wp-content\/uploads\/2024\/10\/Ayudas-Profesionalizacion-2024-2.pdf\" class=\"wp-block-file__button wp-element-button\" download aria-describedby=\"wp-block-file--media-ff55557a-1cd9-48af-b042-37ad301c0a2e\">Descarga<\/a><\/div>\n\n\n\n<div class=\"wp-block-file\"><a id=\"wp-block-file--media-ab4708be-6da1-4534-b94c-f4f9e0f28612\" href=\"https:\/\/ffcv.es\/wp\/wp-content\/uploads\/2024\/10\/Ayudas-Escuela-de-Entrenadores-FFCV-2024-3.pdf\">* Ayudas Escuela de  Entrenadores FFCV 2024<\/a><a href=\"https:\/\/ffcv.es\/wp\/wp-content\/uploads\/2024\/10\/Ayudas-Escuela-de-Entrenadores-FFCV-2024-3.pdf\" class=\"wp-block-file__button wp-element-button\" download aria-describedby=\"wp-block-file--media-ab4708be-6da1-4534-b94c-f4f9e0f28612\">Descarga<\/a><\/div>\n\n\n\n<h2 class=\"wp-block-heading\"><strong>\u00bfC\u00f3mo solicito las ayudas?<\/strong><\/h2>\n\n\n\n<p>Enviando toda la documentaci\u00f3n al siguiente formulario:<\/p>\n\n\n<form method=\"post\" enctype=\"multipart\/form-data\" id=\"vfbp-form-111\" class=\"vfbp-form\"><div style=\"display:none;\"><label for=\"vfbp-EMAIL-AN8fuQyoDLXem\">If you are human, leave this field blank.<\/label><input size=\"25\" autocomplete=\"off\" type=\"text\" name=\"vfbp-EMAIL-AN8fuQyoDLXem\" value=\"\" id=\"\"><\/div><input type=\"hidden\" name=\"_vfb-timestamp-111\" value=\"1776308675\" id=\"\"><input type=\"hidden\" name=\"_vfb-form-id\" value=\"111\" id=\"\"><div class=\"vfb-col-12 vfb-fieldType-text\" id=\"vfbField2304\"><div class=\"vfb-form-group\"><label for=\"vfb-field-2304\" class=\"vfb-control-label\">Nombre y Apellidos <span class=\"vfb-required-asterisk\">*<\/span><\/label><div><input id=\"vfb-field-2304\" class=\"vfb-form-control\" placeholder=\"\" required=\"required\" type=\"text\" name=\"vfb-field-2304\" value=\"\"><\/div><\/div><\/div><div class=\"vfb-clearfix\"><\/div><div class=\"vfb-col-12 vfb-fieldType-email\" id=\"vfbField2305\"><div class=\"vfb-form-group\"><label for=\"vfb-field-2305\" class=\"vfb-control-label\">Correo electr\u00f3nico <span class=\"vfb-required-asterisk\">*<\/span><\/label><div><input id=\"vfb-field-2305\" class=\"vfb-form-control\" placeholder=\"\" required=\"required\" data-vfb-pattern=\"[\\w._%+-]+@[\\w.-]+\\.[a-zA-Z]{2,4}\" type=\"email\" name=\"vfb-field-2305\" value=\"\"><\/div><\/div><\/div><div class=\"vfb-clearfix\"><\/div><div class=\"vfb-col-12 vfb-fieldType-email\" id=\"vfbField2306\"><div class=\"vfb-form-group\"><label for=\"vfb-field-2306\" class=\"vfb-control-label\">Confirmar Email <span class=\"vfb-required-asterisk\">*<\/span><\/label><div><input id=\"vfb-field-2306\" class=\"vfb-form-control\" placeholder=\"\" required=\"required\" data-vfb-equalto=\"#vfb-field-2305\" type=\"email\" name=\"vfb-field-2306\" value=\"\"><span class=\"vfb-help-block\">Este valor debe ser el mismo.<\/span><\/div><\/div><\/div><div class=\"vfb-clearfix\"><\/div><div class=\"vfb-col-12 vfb-fieldType-phone\" id=\"vfbField2307\"><div class=\"vfb-form-group\"><label for=\"vfb-field-2307\" class=\"vfb-control-label\">Tel\u00e9fono de Contacto <span class=\"vfb-required-asterisk\">*<\/span><\/label><div><input id=\"vfb-field-2307\" class=\"vfb-form-control vfb-intl-phone\" placeholder=\"\" required=\"required\" data-default-country=\"es\" data-number-type=\"MOBILE\" data-national-mode=\"1\" data-auto-hide-dial-code=\"1\" type=\"tel\" name=\"vfb-field-2307\" value=\"\"><\/div><\/div><\/div><div class=\"vfb-clearfix\"><\/div><div class=\"vfb-col-12 vfb-fieldType-radio\" id=\"vfbField2313\"><label for=\"vfb-field-2313\" class=\"vfb-control-label\">Sexo <span class=\"vfb-required-asterisk\">*<\/span><\/label><div><div class=\"vfb-radio\"><label><input id=\"vfb-field-2313-0\" class=\"\" placeholder=\"\" required=\"required\" type=\"radio\" name=\"vfb-field-2313\" value=\"Mujer\">Mujer<\/label><\/div><div class=\"vfb-radio\"><label><input id=\"vfb-field-2313-1\" class=\"\" placeholder=\"\" required=\"required\" type=\"radio\" name=\"vfb-field-2313\" value=\"Hombre\">Hombre<\/label><\/div><\/div><\/div><div class=\"vfb-clearfix\"><\/div><div class=\"vfb-col-2 vfb-fieldType-date\" id=\"vfbField2315\"><div class=\"vfb-form-group\"><label for=\"vfb-field-2315\" class=\"vfb-control-label\">F.Nacimiento  <span class=\"vfb-required-asterisk\">*<\/span><\/label><div><input id=\"vfb-field-2315\" class=\"vfb-form-control\" placeholder=\"\" required=\"required\" data-provide=\"datepicker\" data-date-format=\"dd\/mm\/yyyy\" data-date-week-start=\"1\" data-date-language=\"es\" data-date-today-highlight=\"1\" type=\"text\" name=\"vfb-field-2315\" value=\"\"><\/div><\/div><\/div><div class=\"vfb-col-4 vfb-fieldType-file-upload\" id=\"vfbField2316\"><div class=\"vfb-form-group\"><label for=\"vfb-field-2316\" class=\"vfb-control-label\">DNI,NIE o Pasaporte (ambas caras) <span class=\"vfb-required-asterisk\">*<\/span><\/label><div><input id=\"vfb-field-2316\" class=\"vfb-form-control vfb-file-input\" placeholder=\"\" required=\"required\" data-max-file-count=\"1\" data-browse-label=\"Adjuntar\" data-remove-label=\"Eliminar\" data-upload-label=\"Cargar\" data-show-preview=\"false\" type=\"file\" name=\"vfb-field-2316\"><\/div><\/div><\/div><div class=\"vfb-col-6 vfb-fieldType-file-upload\" id=\"vfbField2317\"><div class=\"vfb-form-group\"><label for=\"vfb-field-2317\" class=\"vfb-control-label\">Certificado de estar realizando un curso o diploma del curso. <span class=\"vfb-required-asterisk\">*<\/span><\/label><div><input id=\"vfb-field-2317\" class=\"vfb-form-control vfb-file-input\" placeholder=\"\" required=\"required\" data-browse-label=\"Adjuntar\" data-remove-label=\"Eliminar\" data-upload-label=\"Cargar\" data-show-preview=\"false\" type=\"file\" name=\"vfb-field-2317\"><\/div><\/div><\/div><div class=\"vfb-clearfix\"><\/div><div class=\"vfb-col-6 vfb-fieldType-file-upload\" id=\"vfbField2319\"><div class=\"vfb-form-group\"><label for=\"vfb-field-2319\" class=\"vfb-control-label\">Justificante del pago con el importe total del curso.<\/label><div><input id=\"vfb-field-2319\" class=\"vfb-form-control vfb-file-input\" placeholder=\"\" data-browse-label=\"Adjuntar\" data-remove-label=\"Eliminar\" data-upload-label=\"Cargar\" data-show-preview=\"false\" type=\"file\" name=\"vfb-field-2319\"><\/div><\/div><\/div><div class=\"vfb-col-6 vfb-fieldType-file-upload\" id=\"vfbField2320\"><div class=\"vfb-form-group\"><label for=\"vfb-field-2320\" class=\"vfb-control-label\">Certificado de titularidad bancaria del solicitante de la ayuda. <span class=\"vfb-required-asterisk\">*<\/span><\/label><div><input id=\"vfb-field-2320\" class=\"vfb-form-control vfb-file-input\" placeholder=\"\" required=\"required\" data-browse-label=\"Adjuntar\" data-remove-label=\"Eliminar\" data-upload-label=\"Cargar\" data-show-preview=\"false\" type=\"file\" name=\"vfb-field-2320\"><\/div><\/div><\/div><div class=\"vfb-clearfix\"><\/div><div class=\"vfb-form-group vfb-col-12\"><div><div class=\"\"><\/div><span class=\"vfb-help-block\">A tenor de la normativa vigente y aplicable en Protecci\u00f3n de Datos de Car\u00e1cter Personal, le informamos que sus datos ser\u00e1n incorporados al sistema de tratamiento titularidad de FEDERACI\u00d3N DE FUTBOL DE LA COMUNIDAD VALENCIANA con NIF G46394466 con domicilio social sito en C\/ d'Almassora, 2-Bajo, 46010 VALENCIA (en adelante, la \u201cFFCV\u201d) con la finalidad de gestionar su comunicaci\u00f3n, adoptar las medidas correctivas correspondientes y, en caso de ser necesario, informarle sobre el resultado del procedimiento.<br><br>\r\nFFCV informa que los datos ser\u00e1n conservados durante el plazo estrictamente necesario para esclarecer los hechos denunciados. En todo caso transcurridos tres (3) meses se proceder\u00e1 a la destrucci\u00f3n de los datos facilitados salvo que sean investigados en un entorno legal distinto.<br><br>\r\nAsimismo se informa que se proceder\u00e1 a tratar los datos de manera l\u00edcita, leal, transparente, adecuada, pertinente, limitada, exacta y actualizada y se compromete a adoptar todas las medidas razonables para que estos se supriman o rectifiquen sin dilaci\u00f3n cuando sean inexactos.<br><br>\r\nUsted podr\u00e1 ejercer los derechos de acceso, rectificaci\u00f3n, limitaci\u00f3n de tratamiento, supresi\u00f3n, portabilidad y oposici\u00f3n al tratamiento de sus datos de car\u00e1cter personal as\u00ed como del consentimiento prestado para el tratamiento de los mismos, dirigiendo su petici\u00f3n a la direcci\u00f3n postal indicada m\u00e1s arriba o al correo electr\u00f3nico: rgpd@ffcv.es.<br><br>\r\nTambi\u00e9n podr\u00e1 dirigirse a la Administraci\u00f3n competente para presentar la reclamaci\u00f3n que considere oportuna.<br><br>\r\nEn \u00faltimo lugar, el\/la denunciante\/da otorga el consentimiento expl\u00edcito para el tratamiento de los datos mencionados anteriormente.<\/span><\/div><\/div><div class=\"vfb-col-12 vfb-fieldType-heading\" id=\"vfbField2576\"><\/div><div class=\"vfb-clearfix\"><\/div><div class=\"vfb-col-12 vfb-fieldType-radio\" id=\"vfbField2309\"><label for=\"vfb-field-2309\" class=\"vfb-control-label\">Ley de Protecci\u00f3n de Datos <span class=\"vfb-required-asterisk\">*<\/span><\/label><div><div class=\"vfb-radio\"><label><input id=\"vfb-field-2309-0\" class=\"\" placeholder=\"\" required=\"required\" type=\"radio\" name=\"vfb-field-2309\" value=\"He le&iacute;do y acepto la pol&iacute;tica de protecci&oacute;n de datos para que se gestionen mis datos para el canal &eacute;tico.\">He le\u00eddo y acepto la pol\u00edtica de protecci\u00f3n de datos para que se gestionen mis datos para el canal \u00e9tico.<\/label><\/div><\/div><\/div><div class=\"vfb-clearfix\"><\/div><div class=\"vfb-col-12 vfb-fieldType-captcha\" id=\"vfbField2310\"><div class=\"vfb-form-group\"><label for=\"vfb-field-2310\" class=\"vfb-control-label\">Captcha <span class=\"vfb-required-asterisk\">*<\/span><\/label><div><div class=\"g-recaptcha\" data-sitekey=\"6LfvFIwUAAAAAFUC5iOZz8x5wRmSB5dAT0VW6k2S\"><\/div><input type=\"hidden\" name=\"_vfb_recaptcha_enabled\" value=\"1\" id=\"\"><div class=\"vfb-has-error\" id=\"vfb-recaptcha-error\"><span class=\"vfb-help-block\">reCAPTCHA is required.<\/span><\/div><\/div><\/div><\/div><div class=\"vfb-clearfix\"><\/div><div class=\"vfb-col-12 vfb-fieldType-submit\" id=\"vfbField2311\"><button id=\"vfb-field-2311\" class=\" btn btn-primary\" placeholder=\"\" type=\"submit\" name=\"_vfb-submit\">Enviar<\/button><\/div><div class=\"vfb-clearfix\"><\/div><\/form>\n\n\n\n<p><\/p>\n","protected":false},"excerpt":{"rendered":"<p>La Federaci\u00f3 de Futbol de la Comunitat Valenciana, mediante acuerdo de su Asamblea General, aprob\u00f3 la Convocatoria de Ayudas a&nbsp;Entrenador\u00e6s&nbsp;del&nbsp;Comit\u00e9 T\u00e9cnico de Entrenadores&nbsp;y la&nbsp;Escuela de Entrenadores. El prop\u00f3sito de esta convocatoria de ayudas es colaborar con los alumnos y alumnas en los gastos derivados de inscripci\u00f3n y\/o realizaci\u00f3n de los diferentes cursos formativos ofertados por<\/p>\n","protected":false},"author":3,"featured_media":0,"parent":0,"menu_order":0,"comment_status":"closed","ping_status":"closed","template":"","meta":{"om_disable_all_campaigns":false,"footnotes":""},"class_list":["post-148107","page","type-page","status-publish","hentry"],"aioseo_notices":[],"_links":{"self":[{"href":"https:\/\/ffcv.es\/wp\/wp-json\/wp\/v2\/pages\/148107"}],"collection":[{"href":"https:\/\/ffcv.es\/wp\/wp-json\/wp\/v2\/pages"}],"about":[{"href":"https:\/\/ffcv.es\/wp\/wp-json\/wp\/v2\/types\/page"}],"author":[{"embeddable":true,"href":"https:\/\/ffcv.es\/wp\/wp-json\/wp\/v2\/users\/3"}],"replies":[{"embeddable":true,"href":"https:\/\/ffcv.es\/wp\/wp-json\/wp\/v2\/comments?post=148107"}],"version-history":[{"count":7,"href":"https:\/\/ffcv.es\/wp\/wp-json\/wp\/v2\/pages\/148107\/revisions"}],"predecessor-version":[{"id":148147,"href":"https:\/\/ffcv.es\/wp\/wp-json\/wp\/v2\/pages\/148107\/revisions\/148147"}],"wp:attachment":[{"href":"https:\/\/ffcv.es\/wp\/wp-json\/wp\/v2\/media?parent=148107"}],"curies":[{"name":"wp","href":"https:\/\/api.w.org\/{rel}","templated":true}]}}