{"id":137110,"date":"2024-05-14T13:25:07","date_gmt":"2024-05-14T11:25:07","guid":{"rendered":"https:\/\/ffcv.es\/wp\/?page_id=137110"},"modified":"2025-05-09T13:16:37","modified_gmt":"2025-05-09T11:16:37","slug":"la-nostra-copa-masculina-futsal-2","status":"publish","type":"page","link":"https:\/\/ffcv.es\/wp\/la-nostra-copa-masculina-futsal-2\/","title":{"rendered":"La Nostra Copa | masculina futsal"},"content":{"rendered":"\n<h2 class=\"wp-block-heading\">PALMAR\u00c9S<\/h2>\n\n\n\n<figure class=\"wp-block-table is-style-stripes\"><table><tbody><tr><td><strong>EDICI\u00d3N<\/strong><\/td><td><strong>A\u00d1O<\/strong><\/td><td><strong>SEDE<\/strong><\/td><td><strong>CAMPE\u00d3N<\/strong><\/td><td><strong>FINALISTA<\/strong><\/td><td><strong>RESULTADO<\/strong><\/td><td><strong>GOLEADOR\/ES<\/strong><\/td><td><\/td><td><\/td><\/tr><tr><td><strong>I<\/strong><\/td><td><strong>2023<\/strong><\/td><td>Riba-roja de T\u00faria<\/td><td><strong>CD Maristas Valencia<\/strong><\/td><td>FS Sporting La Nuc\u00eda<\/td><td>2-2 (5-4)<\/td><td>1-0 (Pablo Rochina); 1-1 (\u00d3scar); 1-2 (Peloncha); 2-2 (Pau)<\/td><td><\/td><td><a href=\"https:\/\/ffcv.es\/wp\/blog\/2023\/05\/14\/cd-santa-ana-y-los-primeros-campeones-de-la-nostra-copa-de-futsal\/\">Cr\u00f3nica<\/a><\/td><\/tr><tr><td><strong>II<\/strong><\/td><td><strong>2024<\/strong><\/td><td>Moncada<\/td><td><strong>L&#8217;Alcora FS<\/strong><\/td><td>CF United Elche<\/td><td>2-1<\/td><td>1-0 (Serrano); 1-1 (Sabater); 2-1 (Pablo)<\/td><td><\/td><td><a href=\"https:\/\/ffcv.es\/wp\/blog\/2024\/06\/08\/sufrir-y-ganar-la-nostra-copa-de-futsal-va-para-lalcora-fs-lalcora-fs-cf-united-elche-2-1\/\">Cr\u00f3nica<\/a><\/td><\/tr><tr><td><strong>III<\/strong><\/td><td><strong>2025<\/strong><\/td><td>D\u00e9nia<\/td><td><strong>Mislata FS<\/strong><\/td><td>Club Cerramientos Abatibles FS<\/td><td>5-3<\/td><td>1-0 (Juandi); 1-1 (Jaime Herrero); 1-2 (Jorge Mont\u00f3n); 2-2 (Juandi); 3-2 (Juandi); 3-3 (Jaime Herrero); 3-4 (Jorge Mont\u00f3n); 3-5 (Dani, 46)<\/td><td><\/td><td><a href=\"https:\/\/ffcv.es\/wp\/blog\/2025\/05\/01\/mislata-fs-campeon-de-la-iii-nostra-copa-tras-una-trepidante-final-%f0%9f%8f%86-club-cerramientos-abatibles-futsal-%f0%9f%86%9a-mislata-fs-3-5\/\">Cr\u00f3nica<\/a><\/td><\/tr><\/tbody><\/table><\/figure>\n","protected":false},"excerpt":{"rendered":"<p>PALMAR\u00c9S EDICI\u00d3N A\u00d1O SEDE CAMPE\u00d3N FINALISTA RESULTADO GOLEADOR\/ES I 2023 Riba-roja de T\u00faria CD Maristas Valencia FS Sporting La Nuc\u00eda 2-2 (5-4) 1-0 (Pablo Rochina); 1-1 (\u00d3scar); 1-2 (Peloncha); 2-2 (Pau) Cr\u00f3nica II 2024 Moncada L&#8217;Alcora FS CF United Elche 2-1 1-0 (Serrano); 1-1 (Sabater); 2-1 (Pablo) Cr\u00f3nica III 2025 D\u00e9nia Mislata FS Club Cerramientos<\/p>\n","protected":false},"author":15,"featured_media":118077,"parent":0,"menu_order":0,"comment_status":"closed","ping_status":"closed","template":"","meta":{"om_disable_all_campaigns":false,"footnotes":""},"class_list":["post-137110","page","type-page","status-publish","has-post-thumbnail","hentry"],"aioseo_notices":[],"_links":{"self":[{"href":"https:\/\/ffcv.es\/wp\/wp-json\/wp\/v2\/pages\/137110"}],"collection":[{"href":"https:\/\/ffcv.es\/wp\/wp-json\/wp\/v2\/pages"}],"about":[{"href":"https:\/\/ffcv.es\/wp\/wp-json\/wp\/v2\/types\/page"}],"author":[{"embeddable":true,"href":"https:\/\/ffcv.es\/wp\/wp-json\/wp\/v2\/users\/15"}],"replies":[{"embeddable":true,"href":"https:\/\/ffcv.es\/wp\/wp-json\/wp\/v2\/comments?post=137110"}],"version-history":[{"count":5,"href":"https:\/\/ffcv.es\/wp\/wp-json\/wp\/v2\/pages\/137110\/revisions"}],"predecessor-version":[{"id":158311,"href":"https:\/\/ffcv.es\/wp\/wp-json\/wp\/v2\/pages\/137110\/revisions\/158311"}],"wp:featuredmedia":[{"embeddable":true,"href":"https:\/\/ffcv.es\/wp\/wp-json\/wp\/v2\/media\/118077"}],"wp:attachment":[{"href":"https:\/\/ffcv.es\/wp\/wp-json\/wp\/v2\/media?parent=137110"}],"curies":[{"name":"wp","href":"https:\/\/api.w.org\/{rel}","templated":true}]}}